{"id":997,"date":"2019-10-14T15:43:10","date_gmt":"2019-10-14T15:43:10","guid":{"rendered":"https:\/\/solyom.oroszlany.com\/?page_id=997"},"modified":"2019-10-14T15:43:10","modified_gmt":"2019-10-14T15:43:10","slug":"mi-is-az-olpk","status":"publish","type":"page","link":"https:\/\/solyom.oroszlany.com\/?page_id=997","title":{"rendered":"Mi is az OLPK?"},"content":{"rendered":"<p>2014 tavasz\u00e1n -k\u00e9sz\u00fcl\u0151dve a 2014 \u00e9vi \u00f6nkorm\u00e1nyzati v\u00e1laszt\u00e1sokra- vet\u0151d\u00f6tt fel, hogy az akkor k\u00fcl\u00f6n indul\u00f3 baloldali\/demokratikus p\u00e1rtok t\u00e1mogat\u00e1s\u00e1ra szervez\u0151dj\u00f6n egy helyi, civileket mag\u00e1ba foglal\u00f3, p\u00e1rtpolitik\u00e1t\u00f3l mentes, a v\u00e1ros\u00e9rt tenni akar\u00f3kat \u00f6sszefog\u00f3 erny\u0151szervezet. A szervezet neve <em>Oroszl\u00e1nyi Lok\u00e1lpatri\u00f3ta K\u00f6r<\/em> lett. Az \u0151szi v\u00e1laszt\u00e1sokig ez a szervezet v\u00e1llalta mag\u00e1ra, hogy rendezv\u00e9nyekkel t\u00e1mogatja az akkor indul\u00f3 polg\u00e1rmester- \u00e9s k\u00e9pvisel\u0151jel\u00f6lteket, valamint programjuk bemutat\u00e1s\u00e1t. Biztos\u00edtotta, hogy a jel\u00f6ltek \u00e9s a v\u00e1roslak\u00f3k k\u00f6tetlen form\u00e1ban egyeztess\u00e9k elk\u00e9pzel\u00e9seiket, illetve elmondhass\u00e1k ig\u00e9nyeiket. A v\u00e1laszt\u00e1sok ut\u00e1n a szervezet kiss\u00e9 megv\u00e1ltozva, tov\u00e1bbra is megtartva k\u00f6z\u00f6ss\u00e9g\u00e9p\u00edt\u0151 \u00e9s szervezet\u0151 tev\u00e9kenys\u00e9g\u00e9t a v\u00e1ros lak\u00f3i sz\u00e1m\u00e1ra biztos\u00edtott k\u00fcl\u00f6nf\u00e9le rendezv\u00e9nyeket. T\u00f6bb kezdem\u00e9nyez\u00e9se is volt a v\u00e1ros szebb\u00e9 \u00e9s jobb\u00e1 t\u00e9tele \u00e9rdek\u00e9ben.<\/p>\n<div id=\"attachment_798\" style=\"width: 610px\" class=\"wp-caption aligncenter\"><img loading=\"lazy\" decoding=\"async\" aria-describedby=\"caption-attachment-798\" src=\"https:\/\/solyom.oroszlany.com\/wp-content\/uploads\/2019\/09\/olpk.png\" alt=\"Oroszl\u00e1nyiak Lok\u00e1lpatri\u00f3ta K\u00f6re\" width=\"600\" height=\"150\" class=\"size-full wp-image-798\" \/><p id=\"caption-attachment-798\" class=\"wp-caption-text\">Oroszl\u00e1nyiak Lok\u00e1lpatri\u00f3ta K\u00f6re<\/p><\/div>\n<p>Az ut\u00f3bbi \u00e9vekben kezd\u0151d\u00f6tt meg a szervezeten bel\u00fcl annak el\u0151k\u00e9sz\u00edt\u00e9se, hogy a szervezet mik\u00e9nt tudna sokkal hat\u00e9konyabban a v\u00e1rospolitikai kezdem\u00e9nyez\u00e9sek \u00e9l\u00e9re \u00e1llni. Mik\u00e9nt tudn\u00e1 biztos\u00edtani azt, hogy a v\u00e1rosban m\u0171k\u00f6d\u0151 politikai szervezetek\/p\u00e1rtok -a t\u00e9nyleges p\u00e1rtpolitik\u00e1t kicsit h\u00e1tt\u00e9rbe szor\u00edtva- ink\u00e1bb a k\u00f6z\u00f6s v\u00e1rospolitikai c\u00e9lok megfogalmaz\u00e1s\u00e1ban \u00e9s egym\u00e1ssal val\u00f3 hat\u00e9konyabb egy\u00fcttm\u0171k\u00f6d\u00e9sben l\u00e1ss\u00e1k Oroszl\u00e1ny j\u00f6v\u0151j\u00e9t. A kezdem\u00e9nyez\u00e9shez 2019-ben -a hosszas egyeztet\u00e9sek ut\u00e1n- h\u00e1rom helyi, t\u00e9nyleges tags\u00e1ggal is rendelkez\u0151 politikai szervezet, a DK, a Jobbik \u00e9s az MSZP is csatlakozott. A megyei szint\u0171 egyeztet\u00e9sek sor\u00e1n tov\u00e1bbi k\u00e9t p\u00e1rt is (LMP, Momentum) \u00fagy gondolta, hogy t\u00e1mogatja a helyi kezdem\u00e9nyez\u00e9st \u00e9s csatlakozik ahhoz a k\u00f6z\u00f6ss\u00e9ghez, amely az \u00f6nkorm\u00e1nyzati v\u00e1laszt\u00e1sra val\u00f3 felk\u00e9sz\u00fcl\u00e9st ir\u00e1ny\u00edtja majd. \u00cdgy j\u00f6tt l\u00e9tre az &#8222;<strong>\u00d6sszefog\u00e1s k\u00f6z\u00f6ss\u00e9ge<\/strong>&#8222;. A p\u00e1rtok vezet\u0151i abban is megegyeztek, hogy az \u00e1ltaluk deleg\u00e1lt jel\u00f6ltek nem saj\u00e1t p\u00e1rtjaik szimb\u00f3lumai\/log\u00f3i alatt indulnak az \u00f6nkorm\u00e1nyzati v\u00e1laszt\u00e1son, hanem egy \u00faj bejegyzett civil szervezet jel\u00f6ltjeik\u00e9nt. Ez a civilszervezet az <strong>Oroszl\u00e1nyiak Lok\u00e1lpatri\u00f3ta K\u00f6re<\/strong>, azaz r\u00f6viden <strong>OLPK<\/strong>. A p\u00e1rtok mellett az OLPK is deleg\u00e1lt a jel\u00f6ltek sor\u00e1ba tagokat \u00e9s \u00edgy alakult ki az a kilenc f\u0151s csapat, amelyben mindannyian az OLPK jel\u00f6ltjeik\u00e9nt indulnak a 2019. okt\u00f3ber 13-i \u00f6nkorm\u00e1nyzati v\u00e1laszt\u00e1son.<\/p>\n<p><strong>Az OLPK &#8222;sz\u00edneiben&#8221; indul\u00f3 jel\u00f6ltek<\/strong><\/p>\n<ul>\n<li>1. vk. Szlez\u00e1k J\u00e1nos<\/li>\n<li>2. vk. Sz\u00e9kely Antal<\/li>\n<li>3. vk. Hermann Istv\u00e1nn\u00e9<\/li>\n<li>4. vk. Szab\u00f3 Mih\u00e1ly<\/li>\n<li>5. vk. Rajnai G\u00e1bor<\/li>\n<li>6. vk. Kontsch\u00e1n Fl\u00f3ri\u00e1n Jen\u0151<\/li>\n<li>7. vk. S\u00f3lyom J\u00f6ran<\/li>\n<li>8. vk. Szanyi G\u00e1bor<\/li>\n<\/ul>\n","protected":false},"excerpt":{"rendered":"<p>2014 tavasz\u00e1n -k\u00e9sz\u00fcl\u0151dve a 2014 \u00e9vi \u00f6nkorm\u00e1nyzati v\u00e1laszt\u00e1sokra- vet\u0151d\u00f6tt fel, hogy az akkor k\u00fcl\u00f6n indul\u00f3 baloldali\/demokratikus p\u00e1rtok t\u00e1mogat\u00e1s\u00e1ra szervez\u0151dj\u00f6n egy helyi, civileket mag\u00e1ba foglal\u00f3, p\u00e1rtpolitik\u00e1t\u00f3l mentes, a v\u00e1ros\u00e9rt tenni akar\u00f3kat \u00f6sszefog\u00f3 erny\u0151szervezet. A szervezet neve Oroszl\u00e1nyi Lok\u00e1lpatri\u00f3ta K\u00f6r lett. Az &hellip; <a href=\"https:\/\/solyom.oroszlany.com\/?page_id=997\">Egy kattint\u00e1s ide a folytat\u00e1shoz&#8230;. <span class=\"meta-nav\">&rarr;<\/span><\/a><\/p>\n","protected":false},"author":1,"featured_media":0,"parent":695,"menu_order":40,"comment_status":"closed","ping_status":"closed","template":"","meta":{"footnotes":""},"class_list":["post-997","page","type-page","status-publish","hentry"],"_links":{"self":[{"href":"https:\/\/solyom.oroszlany.com\/index.php?rest_route=\/wp\/v2\/pages\/997","targetHints":{"allow":["GET"]}}],"collection":[{"href":"https:\/\/solyom.oroszlany.com\/index.php?rest_route=\/wp\/v2\/pages"}],"about":[{"href":"https:\/\/solyom.oroszlany.com\/index.php?rest_route=\/wp\/v2\/types\/page"}],"author":[{"embeddable":true,"href":"https:\/\/solyom.oroszlany.com\/index.php?rest_route=\/wp\/v2\/users\/1"}],"replies":[{"embeddable":true,"href":"https:\/\/solyom.oroszlany.com\/index.php?rest_route=%2Fwp%2Fv2%2Fcomments&post=997"}],"version-history":[{"count":0,"href":"https:\/\/solyom.oroszlany.com\/index.php?rest_route=\/wp\/v2\/pages\/997\/revisions"}],"up":[{"embeddable":true,"href":"https:\/\/solyom.oroszlany.com\/index.php?rest_route=\/wp\/v2\/pages\/695"}],"wp:attachment":[{"href":"https:\/\/solyom.oroszlany.com\/index.php?rest_route=%2Fwp%2Fv2%2Fmedia&parent=997"}],"curies":[{"name":"wp","href":"https:\/\/api.w.org\/{rel}","templated":true}]}}