{"id":93,"date":"2014-10-01T08:08:28","date_gmt":"2014-10-01T08:08:28","guid":{"rendered":"http:\/\/solyom.oroszlany.com\/?page_id=93"},"modified":"2019-08-06T15:42:30","modified_gmt":"2019-08-06T15:42:30","slug":"miert-kerem-a-tamogatasat","status":"publish","type":"page","link":"https:\/\/solyom.oroszlany.com\/?page_id=93","title":{"rendered":"Kortesbesz\u00e9d"},"content":{"rendered":"<p>Tisztelt V\u00e1laszt\u00f3polg\u00e1rok!<br \/>\nKedves Oroszl\u00e1nyiak!<\/p>\n<p>S\u00f3lyom J\u00f6ran vagyok, az MSZP\u2013DK\u2013Egy\u00fctt v\u00e1laszt\u00e1si sz\u00f6vets\u00e9g 7. v\u00e1laszt\u00f3ker\u00fcleti k\u00f6z\u00f6s k\u00e9pvisel\u0151jel\u00f6ltje. 50 \u00e9ve \u00e9lek Oroszl\u00e1nyon, \u00e9s erre b\u00fcszke vagyok, mert v\u00e1rosunk 2010-ig a megyek\u00f6zpont \u00e1rny\u00e9k\u00e1ban is dinamikusan fejl\u0151d\u00f6tt, elhivatott vezet\u0151inknek k\u00f6sz\u00f6nhet\u0151en.<\/p>\n<p>Minden kor\u00e1bbi v\u00e1rosvezet\u00e9s f\u00fcggetlen\u00fcl att\u00f3l, hogy jobb vagy baloldali \u00e9rt\u00e9krendet k\u00e9pviselt-e, a v\u00e1ros fejleszt\u00e9s\u00e9t tekintette f\u0151 feladat\u00e1nak. C\u00e9ljuk az oroszl\u00e1nyiak \u00e9letfelt\u00e9teleinek jav\u00edt\u00e1sa volt. Ipari parkunk az orsz\u00e1gban az els\u0151k k\u00f6z\u00f6tt j\u00f6tt l\u00e9tre, amelyben ma k\u00f6zel t\u00edz, nemzetk\u00f6zi szinten is jelent\u0151s v\u00e1llalkoz\u00e1s m\u0171k\u00f6dik.<br \/>\nFejlesztett\u00e9k a k\u00f6zszolg\u00e1ltat\u00e1sokat, amelyek sz\u00ednvonala kiemelked\u0151, \u00e1ruk pedig orsz\u00e1gos \u00f6sszevet\u00e9sben is kedvez\u0151 volt. Meg\u00faj\u00edtott\u00e1k a nevel\u00e9s \u00e9s oktat\u00e1s, valamint az eg\u00e9szs\u00e9g\u00fcgy int\u00e9zm\u00e9nyeit. Fejlesztett\u00e9k a sport-l\u00e9tes\u00edtm\u00e9nyeket \u00e9s k\u00f6zter\u00fcleteket. Csak a 2006-2010 k\u00f6z\u00f6tti ciklusban 3.000 milli\u00f3 Ft-tal n\u00f6velt\u00e9k mindannyiunk k\u00f6z\u00f6s vagyon\u00e1t.<\/p>\n<p>Az elm\u00falt n\u00e9gy \u00e9vet azonban a m\u00e9lyrep\u00fcl\u00e9s jellemzi. Elvett\u00e9k v\u00e1rosunk modern eg\u00e9szs\u00e9g\u00fcgyi k\u00f6zpontj\u00e1t, amelynek m\u0171k\u00f6dtet\u00e9s\u00e9hez ma is t\u00f6bb milli\u00f3 Ft-t kell helyi forr\u00e1sokb\u00f3l biztos\u00edtanunk. Elt\u00e9kozolt\u00e1k k\u00f6zszolg\u00e1ltat\u00e1sainkat, \u00e9s szinte m\u0171k\u00f6d\u00e9sk\u00e9ptelenn\u00e9 tett\u00e9k a v\u00e1rosi tulajdon\u00fa v\u00e1llalkoz\u00e1sokat.<\/p>\n<p>Sz\u00f3 n\u00e9lk\u00fcl hagyt\u00e1k \u00e1llamos\u00edtani az oktat\u00e1st, amely v\u00e1rosunk j\u00f6v\u0151je szempontj\u00e1b\u00f3l a legfontosabb eszk\u00f6z lenne egy hozz\u00e1\u00e9rt\u0151 v\u00e1rosvezet\u00e9s kez\u00e9ben. Pedig a jelenlegi ciklusban \u00e9vente 1.000 milli\u00f3 Ft-tal t\u00f6bb ipar\u0171z\u00e9si ad\u00f3bev\u00e9tele volt a v\u00e1rosnak \u2013 a kor\u00e1bbi ciklusok felel\u0151s d\u00f6nt\u00e9seinek k\u00f6sz\u00f6nhet\u0151en.<\/p>\n<p>Ez \u00edgy nem j\u00f3!<br \/>\nEz egy nagyon rossz \u00fat!<br \/>\n<strong>Ezen nek\u00fcnk oroszl\u00e1nyiaknak v\u00e1ltoztatnunk kell!<\/strong><\/p>\n<p>\u00c9n azt akarom, hogy Oroszl\u00e1nyon \u00e9p\u00fcljenek \u00e9s legyenek fel\u00faj\u00edtva utak \u00e9s j\u00e1rd\u00e1k;<\/p>\n<ul>\n<li>hogy a helyi \u00e9s helyk\u00f6zi k\u00f6zleked\u00e9s lehet\u0151s\u00e9gei fejl\u0151djenek;<\/li>\n<li>hogy int\u00e9zm\u00e9nyeinket v\u00e1rosunk jav\u00e1ra fejlessz\u00fck \u00e9s ne egy orsz\u00e1gos v\u00edzfej\u0171 hivatal embereinek jav\u00e1ra;<\/li>\n<li>hogy int\u00e9zm\u00e9nyeinket a v\u00e1rosnak elk\u00f6telezett szakemberek vezess\u00e9k az oroszl\u00e1nyiak \u00e9rdekeinek megfelel\u0151en;<\/li>\n<li>hogy ne k\u00e9t h\u00e9t alatt, de \u00e9rezhet\u0151en javuljon v\u00e1rosunk k\u00f6zbiztons\u00e1ga.<\/li>\n<\/ul>\n<p>Azt akarom, hogy fiataljaink a v\u00e1rosban tanulhassanak, \u00e9s itt tervezhess\u00e9k j\u00f6v\u0151j\u00fcket;<\/p>\n<ul>\n<li>hogy Oroszl\u00e1ny ne egy alv\u00f3 v\u00e1ros, hanem egy pezsg\u0151 t\u00e9rs\u00e9gi \u00e9s j\u00e1r\u00e1si k\u00f6zpont legyen, amely mag\u00e1hoz vonzza a fiatalokat, a v\u00e1llalkoz\u00e1sokat;<\/li>\n<li>hogy k\u00f6ztereinket ne leromboljuk, hanem mindannyiunk megel\u00e9ged\u00e9s\u00e9re meg\u00faj\u00edtsuk;<\/li>\n<li>hogy tal\u00e1ljunk egy m\u00e9lt\u00f3 helyet, ahol senkit nem zavarva sz\u00f3rakozhatunk rendezv\u00e9nyeinken;<\/li>\n<li>hogy k\u00f6z\u00f6s, \u00e9lhet\u0151bb j\u00f6v\u0151nk a helyi v\u00e1llalkoz\u00e1sokkal \u00e9s civilszervezetekkel egyeztetve alakulhasson.<\/li>\n<\/ul>\n<p><strong>\u00c9n! &#8211; ilyen Oroszl\u00e1nyt szeretn\u00e9k!<\/strong><br \/>\nEz\u00e9rt indulok el ezen a megm\u00e9rettet\u00e9sen!<\/p>\n<p>Amennyiben \u00d6n\u00f6k is \u00fagy gondolj\u00e1k, hogy ebben partnerek tudn\u00e1nk lenni, akkor k\u00e9rem \u00d6n\u00f6ket, hogy okt\u00f3ber 12-\u00e9n t\u00e1mogassanak engem, sz\u00f6vets\u00e9g\u00fcnk jel\u00f6ltjeit, \u00e9s Laz\u00f3k Zolt\u00e1n polg\u00e1rmesterjel\u00f6lt\u00fcnket, aki vezet\u0151 egy\u00e9nis\u00e9ge ennek a sz\u00f6vets\u00e9gnek!<\/p>\n<p>K\u00f6sz\u00f6n\u00f6m, hogy elolvast\u00e1k gondolataimat, \u00e9rdekl\u0151d\u00e9ssel v\u00e1rom \u00e9szrev\u00e9teleiket, javaslataikat!<br \/>\nA v\u00e1laszt\u00e1si \u00edven pedig keress\u00e9k az al\u00e1bbi embl\u00e9m\u00e1kat!<\/p>\n<p><img loading=\"lazy\" decoding=\"async\" class=\"aligncenter\" src=\"http:\/\/solyom.oroszlany.com\/images\/szovetseg.png\" alt=\"\" width=\"640\" height=\"130\" \/><\/p>\n<p><img loading=\"lazy\" decoding=\"async\" class=\"aligncenter\" src=\"http:\/\/solyom.oroszlany.com\/wp-images\/kortesbeszed.png\" alt=\"\" width=\"550\" height=\"390\" \/><\/p>\n","protected":false},"excerpt":{"rendered":"<p>Tisztelt V\u00e1laszt\u00f3polg\u00e1rok! Kedves Oroszl\u00e1nyiak! S\u00f3lyom J\u00f6ran vagyok, az MSZP\u2013DK\u2013Egy\u00fctt v\u00e1laszt\u00e1si sz\u00f6vets\u00e9g 7. v\u00e1laszt\u00f3ker\u00fcleti k\u00f6z\u00f6s k\u00e9pvisel\u0151jel\u00f6ltje. 50 \u00e9ve \u00e9lek Oroszl\u00e1nyon, \u00e9s erre b\u00fcszke vagyok, mert v\u00e1rosunk 2010-ig a megyek\u00f6zpont \u00e1rny\u00e9k\u00e1ban is dinamikusan fejl\u0151d\u00f6tt, elhivatott vezet\u0151inknek k\u00f6sz\u00f6nhet\u0151en. Minden kor\u00e1bbi v\u00e1rosvezet\u00e9s f\u00fcggetlen\u00fcl att\u00f3l, &hellip; <a href=\"https:\/\/solyom.oroszlany.com\/?page_id=93\">Egy kattint\u00e1s ide a folytat\u00e1shoz&#8230;. <span class=\"meta-nav\">&rarr;<\/span><\/a><\/p>\n","protected":false},"author":1,"featured_media":0,"parent":680,"menu_order":30,"comment_status":"closed","ping_status":"closed","template":"","meta":{"footnotes":""},"class_list":["post-93","page","type-page","status-publish","hentry"],"_links":{"self":[{"href":"https:\/\/solyom.oroszlany.com\/index.php?rest_route=\/wp\/v2\/pages\/93","targetHints":{"allow":["GET"]}}],"collection":[{"href":"https:\/\/solyom.oroszlany.com\/index.php?rest_route=\/wp\/v2\/pages"}],"about":[{"href":"https:\/\/solyom.oroszlany.com\/index.php?rest_route=\/wp\/v2\/types\/page"}],"author":[{"embeddable":true,"href":"https:\/\/solyom.oroszlany.com\/index.php?rest_route=\/wp\/v2\/users\/1"}],"replies":[{"embeddable":true,"href":"https:\/\/solyom.oroszlany.com\/index.php?rest_route=%2Fwp%2Fv2%2Fcomments&post=93"}],"version-history":[{"count":0,"href":"https:\/\/solyom.oroszlany.com\/index.php?rest_route=\/wp\/v2\/pages\/93\/revisions"}],"up":[{"embeddable":true,"href":"https:\/\/solyom.oroszlany.com\/index.php?rest_route=\/wp\/v2\/pages\/680"}],"wp:attachment":[{"href":"https:\/\/solyom.oroszlany.com\/index.php?rest_route=%2Fwp%2Fv2%2Fmedia&parent=93"}],"curies":[{"name":"wp","href":"https:\/\/api.w.org\/{rel}","templated":true}]}}