{"id":702,"date":"2019-08-06T15:53:18","date_gmt":"2019-08-06T15:53:18","guid":{"rendered":"https:\/\/solyom.oroszlany.com\/?page_id=702"},"modified":"2019-11-13T11:31:29","modified_gmt":"2019-11-13T11:31:29","slug":"elnyert-megbizatasok","status":"publish","type":"page","link":"https:\/\/solyom.oroszlany.com\/?page_id=702","title":{"rendered":"Elnyert megb\u00edzat\u00e1sok"},"content":{"rendered":"<p>Ezen az oldalon minden olyan megb\u00edzat\u00e1somat nyilv\u00e1noss\u00e1gra k\u00edv\u00e1nom hozni, amely azzal \u00f6sszef\u00fcgg\u00e9sben keletkezik, hogy megv\u00e1lasztott \u00f6nkorm\u00e1nyzati k\u00e9pvisel\u0151 lettem. Annak \u00e9rdek\u00e9ben, hogy ne legyenek felesleges tal\u00e1lgat\u00e1sok, az ezekkel \u00f6sszef\u00fcgg\u0151 d\u00edjaz\u00e1sokat is el\u00e9rhet\u0151v\u00e9 teszem.<\/p>\n<p><span style=\"color:#d00000;\">A megb\u00edzat\u00e1sok 2014-2019 k\u00f6z\u00f6tti \u00f6nkorm\u00e1nyzati ciklusra \u00e9rv\u00e9nyesek!<\/span><\/p>\n<div class=\"table-responsive\"><table  style=\"width:0px; \"  class=\"easy-table easy-table-cuscosky \" >\n<tbody>\r\n<tr><td  style=\"text-align:\" ><b>megb\u00edzat\u00e1s<\/b><\/td>\n<td  style=\"text-align:\" ><b>szervezet<\/b><\/td>\n<td  style=\"text-align:right\" ><b>d\u00edjaz\u00e1s<\/b><\/td>\n<\/tr>\n\r\n<tr><td  style=\"text-align:\" >k\u00e9pvisel\u0151<\/td>\n<td  style=\"text-align:\" >Oroszl\u00e1ny &#8211; K\u00e9pvisel\u0151-test\u00fclet<\/td>\n<td  style=\"text-align:right\" >97.750 Ft\/h\u00f3<\/td>\n<\/tr>\n\r\n<tr><td  style=\"text-align:\" >bizotts\u00e1gi eln\u00f6k<\/td>\n<td  style=\"text-align:\" >Oroszl\u00e1ny &#8211; K\u00e9pvisel\u0151-test\u00fclet &#8211; VFKB<\/td>\n<td  style=\"text-align:right\" >87.400 Ft\/h\u00f3<\/td>\n<\/tr>\n\r\n<tr><td  style=\"text-align:\" >tan\u00e1csnok<\/td>\n<td  style=\"text-align:\" >Oroszl\u00e1ny &#8211; K\u00e9pvisel\u0151-test\u00fclet &#8211; P\u00dcB<\/td>\n<td  style=\"text-align:right\" >0 Ft\/h\u00f3<\/td>\n<\/tr>\n\r\n<tr><td  style=\"text-align:\" >bizotts\u00e1gi tag<\/td>\n<td  style=\"text-align:\" >Oroszl\u00e1ny &#8211; K\u00e9pvisel\u0151-test\u00fclet &#8211; P\u00dcB<\/td>\n<td  style=\"text-align:right\" >0 Ft\/h\u00f3<\/td>\n<\/tr>\n\r\n<tr><td  style=\"text-align:\" >bizotts\u00e1gi tag<\/td>\n<td  style=\"text-align:\" >Oroszl\u00e1ny &#8211; K\u00e9pvisel\u0151-test\u00fclet &#8211; TSPBB<\/td>\n<td  style=\"text-align:right\" >0 Ft\/h\u00f3<\/td>\n<\/tr>\n<\/tbody><\/table><\/div>\n","protected":false},"excerpt":{"rendered":"<p>Ezen az oldalon minden olyan megb\u00edzat\u00e1somat nyilv\u00e1noss\u00e1gra k\u00edv\u00e1nom hozni, amely azzal \u00f6sszef\u00fcgg\u00e9sben keletkezik, hogy megv\u00e1lasztott \u00f6nkorm\u00e1nyzati k\u00e9pvisel\u0151 lettem. Annak \u00e9rdek\u00e9ben, hogy ne legyenek felesleges tal\u00e1lgat\u00e1sok, az ezekkel \u00f6sszef\u00fcgg\u0151 d\u00edjaz\u00e1sokat is el\u00e9rhet\u0151v\u00e9 teszem. A megb\u00edzat\u00e1sok 2014-2019 k\u00f6z\u00f6tti \u00f6nkorm\u00e1nyzati ciklusra \u00e9rv\u00e9nyesek!<\/p>\n","protected":false},"author":1,"featured_media":0,"parent":680,"menu_order":95,"comment_status":"closed","ping_status":"closed","template":"","meta":{"footnotes":""},"class_list":["post-702","page","type-page","status-publish","hentry"],"_links":{"self":[{"href":"https:\/\/solyom.oroszlany.com\/index.php?rest_route=\/wp\/v2\/pages\/702","targetHints":{"allow":["GET"]}}],"collection":[{"href":"https:\/\/solyom.oroszlany.com\/index.php?rest_route=\/wp\/v2\/pages"}],"about":[{"href":"https:\/\/solyom.oroszlany.com\/index.php?rest_route=\/wp\/v2\/types\/page"}],"author":[{"embeddable":true,"href":"https:\/\/solyom.oroszlany.com\/index.php?rest_route=\/wp\/v2\/users\/1"}],"replies":[{"embeddable":true,"href":"https:\/\/solyom.oroszlany.com\/index.php?rest_route=%2Fwp%2Fv2%2Fcomments&post=702"}],"version-history":[{"count":0,"href":"https:\/\/solyom.oroszlany.com\/index.php?rest_route=\/wp\/v2\/pages\/702\/revisions"}],"up":[{"embeddable":true,"href":"https:\/\/solyom.oroszlany.com\/index.php?rest_route=\/wp\/v2\/pages\/680"}],"wp:attachment":[{"href":"https:\/\/solyom.oroszlany.com\/index.php?rest_route=%2Fwp%2Fv2%2Fmedia&parent=702"}],"curies":[{"name":"wp","href":"https:\/\/api.w.org\/{rel}","templated":true}]}}