{"id":231,"date":"2014-10-28T15:28:15","date_gmt":"2014-10-28T15:28:15","guid":{"rendered":"http:\/\/solyom.oroszlany.com\/?page_id=231"},"modified":"2023-02-13T14:23:12","modified_gmt":"2023-02-13T14:23:12","slug":"megbizatasok","status":"publish","type":"page","link":"https:\/\/solyom.oroszlany.com\/?page_id=231","title":{"rendered":"Megbizat\u00e1sok"},"content":{"rendered":"<p>Ezen az oldalon minden olyan megb\u00edzat\u00e1somat nyilv\u00e1noss\u00e1gra k\u00edv\u00e1nom hozni, amely azzal \u00f6sszef\u00fcgg\u00e9sben keletkezik, hogy megv\u00e1lasztott \u00f6nkorm\u00e1nyzati k\u00e9pvisel\u0151 lettem. Annak \u00e9rdek\u00e9ben, hogy ne legyenek felesleges tal\u00e1lgat\u00e1sok, az ezekkel \u00f6sszef\u00fcgg\u0151 d\u00edjaz\u00e1sokat is el\u00e9rhet\u0151v\u00e9 teszem.<\/p>\n<p><span style=\"color: #d00000;\">A megb\u00edzat\u00e1sok 2019.10.13-t\u00f3l \u00e9rv\u00e9nyesek!<\/span><br \/>\n<span style=\"color: #d00000;\">A megb\u00edzat\u00e1sok 2022.10.01-t\u0151l v\u00e1ltoztak a jelenlegire!<\/span><\/p>\n<div class=\"table-responsive\"><table  style=\" width:640px\"  class=\"easy-table easy-table-cuscosky \" >\n<tbody>\r\n<tr><td  style=\"width:120px;text-align:left\" ><b>megb\u00edzat\u00e1s<\/b><\/td>\n<td  style=\"width:400px;text-align:left\" ><b>szervezet<\/b><\/td>\n<td  style=\"width:120px;text-align:right\" ><b>d\u00edjaz\u00e1s<\/b><\/td>\n<\/tr>\n\r\n<tr><td  style=\"text-align:left\" >k\u00e9pvisel\u0151<\/td>\n<td  style=\"text-align:left\" >Oroszl\u00e1ny &#8211; K\u00e9pvisel\u0151-test\u00fclet<\/td>\n<td  style=\"text-align:right\" >127.000 Ft\/h\u00f3<\/td>\n<\/tr>\n\r\n<tr><td  style=\"text-align:left\" >tan\u00e1csnok<\/td>\n<td  style=\"text-align:left\" >Oroszl\u00e1ny &#8211; K\u00e9pvisel\u0151-test\u00fclet &#8211; VFKB<\/td>\n<td  style=\"text-align:right\" >82.000 Ft\/h\u00f3<\/td>\n<\/tr>\n<\/tbody><\/table><\/div>\n<p><!--- <span style=\"color: #d00000;\">Az eln\u00f6ks\u00e9g\u00e9rt j\u00e1r\u00f3 tiszteletd\u00edj a <b><u>vesz\u00e9lyhelyzetre val\u00f3 tekintettel<\/u><\/b> 2020.04.01 napt\u00f3l hat\u00e1rozatlan id\u0151re polg\u00e1rmesteri hat\u00e1rozat alapj\u00e1n felf\u00fcggesztve!<\/span> ---><\/p>\n","protected":false},"excerpt":{"rendered":"<p>Ezen az oldalon minden olyan megb\u00edzat\u00e1somat nyilv\u00e1noss\u00e1gra k\u00edv\u00e1nom hozni, amely azzal \u00f6sszef\u00fcgg\u00e9sben keletkezik, hogy megv\u00e1lasztott \u00f6nkorm\u00e1nyzati k\u00e9pvisel\u0151 lettem. Annak \u00e9rdek\u00e9ben, hogy ne legyenek felesleges tal\u00e1lgat\u00e1sok, az ezekkel \u00f6sszef\u00fcgg\u0151 d\u00edjaz\u00e1sokat is el\u00e9rhet\u0151v\u00e9 teszem. A megb\u00edzat\u00e1sok 2019.10.13-t\u00f3l \u00e9rv\u00e9nyesek! A megb\u00edzat\u00e1sok 2022.10.01-t\u0151l v\u00e1ltoztak &hellip; <a href=\"https:\/\/solyom.oroszlany.com\/?page_id=231\">Egy kattint\u00e1s ide a folytat\u00e1shoz&#8230;. <span class=\"meta-nav\">&rarr;<\/span><\/a><\/p>\n","protected":false},"author":1,"featured_media":0,"parent":0,"menu_order":97,"comment_status":"closed","ping_status":"closed","template":"","meta":{"footnotes":""},"class_list":["post-231","page","type-page","status-publish","hentry"],"_links":{"self":[{"href":"https:\/\/solyom.oroszlany.com\/index.php?rest_route=\/wp\/v2\/pages\/231","targetHints":{"allow":["GET"]}}],"collection":[{"href":"https:\/\/solyom.oroszlany.com\/index.php?rest_route=\/wp\/v2\/pages"}],"about":[{"href":"https:\/\/solyom.oroszlany.com\/index.php?rest_route=\/wp\/v2\/types\/page"}],"author":[{"embeddable":true,"href":"https:\/\/solyom.oroszlany.com\/index.php?rest_route=\/wp\/v2\/users\/1"}],"replies":[{"embeddable":true,"href":"https:\/\/solyom.oroszlany.com\/index.php?rest_route=%2Fwp%2Fv2%2Fcomments&post=231"}],"version-history":[{"count":0,"href":"https:\/\/solyom.oroszlany.com\/index.php?rest_route=\/wp\/v2\/pages\/231\/revisions"}],"wp:attachment":[{"href":"https:\/\/solyom.oroszlany.com\/index.php?rest_route=%2Fwp%2Fv2%2Fmedia&parent=231"}],"curies":[{"name":"wp","href":"https:\/\/api.w.org\/{rel}","templated":true}]}}