{"id":23,"date":"2014-08-21T12:56:00","date_gmt":"2014-08-21T12:56:00","guid":{"rendered":"http:\/\/solyom.oroszlany.com\/?page_id=23"},"modified":"2019-08-06T15:42:58","modified_gmt":"2019-08-06T15:42:58","slug":"gondolatok","status":"publish","type":"page","link":"https:\/\/solyom.oroszlany.com\/?page_id=23","title":{"rendered":"Gondolatok&#8230;"},"content":{"rendered":"<ul>\n<li>&#8230; a <a title=\"Gondolatok a p\u00e9nz\u00fcgyekr\u0151l\" href=\"http:\/\/solyom.oroszlany.com\/?page_id=106\">p\u00e9nz\u00fcgyekr\u0151l<\/a><\/li>\n<li>&#8230; az <a title=\"Gondolatok a v\u00e1ros int\u00e9zm\u00e9nyeir\u0151l\" href=\"http:\/\/solyom.oroszlany.com\/?page_id=100\">int\u00e9zm\u00e9nyekr\u0151l<\/a><\/li>\n<li>&#8230; az <a title=\"Gondolatok az oktat\u00e1sr\u00f3l\" href=\"http:\/\/solyom.oroszlany.com\/?page_id=109\">oktat\u00e1sr\u00f3l<\/a><\/li>\n<li>&#8230; a <a title=\"Gondolatok a k\u00f6zleked\u00e9sr\u0151l\" href=\"http:\/\/solyom.oroszlany.com\/?page_id=119\">k\u00f6zleked\u00e9sr\u0151l<\/a><\/li>\n<li>&#8230; az <a title=\"Gondolatok az id\u0151sekr\u0151l\" href=\"http:\/\/solyom.oroszlany.com\/?page_id=128\">id\u0151sekr\u0151l<\/a><\/li>\n<li>&#8230; a <a title=\"Gondolatok a demokr\u00e1ci\u00e1r\u00f3l\" href=\"http:\/\/solyom.oroszlany.com\/?page_id=26\">demokr\u00e1ci\u00e1r\u00f3l<\/a><\/li>\n<li>&#8230; <a title=\"Gondolatok \u00f6nmagamr\u00f3l\" href=\"http:\/\/solyom.oroszlany.com\/?page_id=141\">\u00f6nmagamr\u00f3l<\/a><\/li>\n<\/ul>\n","protected":false},"excerpt":{"rendered":"<p>&#8230; a p\u00e9nz\u00fcgyekr\u0151l &#8230; az int\u00e9zm\u00e9nyekr\u0151l &#8230; az oktat\u00e1sr\u00f3l &#8230; a k\u00f6zleked\u00e9sr\u0151l &#8230; az id\u0151sekr\u0151l &#8230; a demokr\u00e1ci\u00e1r\u00f3l &#8230; \u00f6nmagamr\u00f3l<\/p>\n","protected":false},"author":1,"featured_media":0,"parent":680,"menu_order":50,"comment_status":"closed","ping_status":"closed","template":"","meta":{"footnotes":""},"class_list":["post-23","page","type-page","status-publish","hentry"],"_links":{"self":[{"href":"https:\/\/solyom.oroszlany.com\/index.php?rest_route=\/wp\/v2\/pages\/23","targetHints":{"allow":["GET"]}}],"collection":[{"href":"https:\/\/solyom.oroszlany.com\/index.php?rest_route=\/wp\/v2\/pages"}],"about":[{"href":"https:\/\/solyom.oroszlany.com\/index.php?rest_route=\/wp\/v2\/types\/page"}],"author":[{"embeddable":true,"href":"https:\/\/solyom.oroszlany.com\/index.php?rest_route=\/wp\/v2\/users\/1"}],"replies":[{"embeddable":true,"href":"https:\/\/solyom.oroszlany.com\/index.php?rest_route=%2Fwp%2Fv2%2Fcomments&post=23"}],"version-history":[{"count":0,"href":"https:\/\/solyom.oroszlany.com\/index.php?rest_route=\/wp\/v2\/pages\/23\/revisions"}],"up":[{"embeddable":true,"href":"https:\/\/solyom.oroszlany.com\/index.php?rest_route=\/wp\/v2\/pages\/680"}],"wp:attachment":[{"href":"https:\/\/solyom.oroszlany.com\/index.php?rest_route=%2Fwp%2Fv2%2Fmedia&parent=23"}],"curies":[{"name":"wp","href":"https:\/\/api.w.org\/{rel}","templated":true}]}}