{"id":18,"date":"2014-08-21T11:42:16","date_gmt":"2014-08-21T11:42:16","guid":{"rendered":"http:\/\/solyom.oroszlany.com\/?page_id=18"},"modified":"2019-08-06T15:43:39","modified_gmt":"2019-08-06T15:43:39","slug":"valasztokorzetem","status":"publish","type":"page","link":"https:\/\/solyom.oroszlany.com\/?page_id=18","title":{"rendered":"V\u00e1laszt\u00f3ker\u00fclet"},"content":{"rendered":"<p>A 7. v\u00e1laszt\u00f3ker\u00fclethez a Helyi V\u00e1laszt\u00e1si Bizotts\u00e1g \u00e1ltal kijel\u00f6lt utc\u00e1k jegyz\u00e9ke:<\/p>\n<p>Balassi B\u00e1lint utca teljes k\u00f6zter\u00fclet<br \/>\nB\u00e1nki Don\u00e1t utca 12- v\u00e9gig p\u00e1ros h\u00e1zsz\u00e1mok<br \/>\nB\u00e1nki Don\u00e1t utca 53- v\u00e9gig p\u00e1ratlan h\u00e1zsz\u00e1mok<br \/>\nBem J\u00f3zsef utca teljes k\u00f6zter\u00fclet<br \/>\nCikl\u00e1men utca teljes k\u00f6zter\u00fclet<br \/>\nD\u00f3zsa Gy\u00f6rgy utca 22\/A- v\u00e9gig p\u00e1ros h\u00e1zsz\u00e1mok<br \/>\nD\u00f3zsa Gy\u00f6rgy utca 29- v\u00e9gig p\u00e1ratlan h\u00e1zsz\u00e1mok<br \/>\nErkel Ferenc utca teljes k\u00f6zter\u00fclet<br \/>\nG\u00e1bor \u00c1ron utca teljes k\u00f6zter\u00fclet<br \/>\nIlly\u00e9s Gyula utca teljes k\u00f6zter\u00fclet<br \/>\nJ\u00e1zmin utca teljes k\u00f6zter\u00fclet<br \/>\nKecsk\u00e9di utca teljes k\u00f6zter\u00fclet<br \/>\nKod\u00e1ly Zolt\u00e1n utca teljes k\u00f6zter\u00fclet<br \/>\nLandler Jen\u0151 utca teljes k\u00f6zter\u00fclet<br \/>\nLengyel J\u00f3zsef utca teljes k\u00f6zter\u00fclet<br \/>\nMalom d\u0171l\u0151 teljes k\u00f6zter\u00fclet<br \/>\nMalom utca teljes k\u00f6zter\u00fclet<br \/>\nMisk\u00f3r\u00e9ti utca teljes k\u00f6zter\u00fclet<br \/>\nNagy L\u00e1szl\u00f3 utca teljes k\u00f6zter\u00fclet<br \/>\nN\u00e9pek bar\u00e1ts\u00e1ga utca 6- v\u00e9gig p\u00e1ros h\u00e1zsz\u00e1mok<br \/>\nR\u00f3zsa utca teljes k\u00f6zter\u00fclet<br \/>\nSzeptember 6. utca 31- v\u00e9gig p\u00e1ratlan h\u00e1zsz\u00e1mok<br \/>\nSzeptember 6. utca 84- v\u00e9gig p\u00e1ros h\u00e1zsz\u00e1mok<\/p>\n<div style=\"width: 610px\" class=\"wp-caption alignnone\"><img loading=\"lazy\" decoding=\"async\" src=\"\/wp-images\/korzet.png\" alt=\"\" width=\"600\" height=\"720\" border=\"0\" \/><p class=\"wp-caption-text\">7. sz\u00e1m\u00fa v\u00e1laszt\u00f3ker\u00fclet<\/p><\/div>\n","protected":false},"excerpt":{"rendered":"<p>A 7. v\u00e1laszt\u00f3ker\u00fclethez a Helyi V\u00e1laszt\u00e1si Bizotts\u00e1g \u00e1ltal kijel\u00f6lt utc\u00e1k jegyz\u00e9ke: Balassi B\u00e1lint utca teljes k\u00f6zter\u00fclet B\u00e1nki Don\u00e1t utca 12- v\u00e9gig p\u00e1ros h\u00e1zsz\u00e1mok B\u00e1nki Don\u00e1t utca 53- v\u00e9gig p\u00e1ratlan h\u00e1zsz\u00e1mok Bem J\u00f3zsef utca teljes k\u00f6zter\u00fclet Cikl\u00e1men utca teljes k\u00f6zter\u00fclet D\u00f3zsa &hellip; <a href=\"https:\/\/solyom.oroszlany.com\/?page_id=18\">Egy kattint\u00e1s ide a folytat\u00e1shoz&#8230;. <span class=\"meta-nav\">&rarr;<\/span><\/a><\/p>\n","protected":false},"author":1,"featured_media":0,"parent":680,"menu_order":60,"comment_status":"closed","ping_status":"closed","template":"","meta":{"footnotes":""},"class_list":["post-18","page","type-page","status-publish","hentry"],"_links":{"self":[{"href":"https:\/\/solyom.oroszlany.com\/index.php?rest_route=\/wp\/v2\/pages\/18","targetHints":{"allow":["GET"]}}],"collection":[{"href":"https:\/\/solyom.oroszlany.com\/index.php?rest_route=\/wp\/v2\/pages"}],"about":[{"href":"https:\/\/solyom.oroszlany.com\/index.php?rest_route=\/wp\/v2\/types\/page"}],"author":[{"embeddable":true,"href":"https:\/\/solyom.oroszlany.com\/index.php?rest_route=\/wp\/v2\/users\/1"}],"replies":[{"embeddable":true,"href":"https:\/\/solyom.oroszlany.com\/index.php?rest_route=%2Fwp%2Fv2%2Fcomments&post=18"}],"version-history":[{"count":0,"href":"https:\/\/solyom.oroszlany.com\/index.php?rest_route=\/wp\/v2\/pages\/18\/revisions"}],"up":[{"embeddable":true,"href":"https:\/\/solyom.oroszlany.com\/index.php?rest_route=\/wp\/v2\/pages\/680"}],"wp:attachment":[{"href":"https:\/\/solyom.oroszlany.com\/index.php?rest_route=%2Fwp%2Fv2%2Fmedia&parent=18"}],"curies":[{"name":"wp","href":"https:\/\/api.w.org\/{rel}","templated":true}]}}