{"id":172,"date":"2014-10-15T21:19:34","date_gmt":"2014-10-15T21:19:34","guid":{"rendered":"http:\/\/solyom.oroszlany.com\/?page_id=172"},"modified":"2014-10-15T21:19:34","modified_gmt":"2014-10-15T21:19:34","slug":"ujabb-tamogato","status":"publish","type":"page","link":"https:\/\/solyom.oroszlany.com\/?page_id=172","title":{"rendered":"\u00dajabb t\u00e1mogat\u00f3"},"content":{"rendered":"<p><img loading=\"lazy\" decoding=\"async\" class=\"alignleft wp-image-35 size-full\" src=\"http:\/\/solyom.oroszlany.com\/wp-content\/uploads\/2014\/08\/egyutt.png\" alt=\"egyutt\" width=\"200\" height=\"120\" \/>A kor\u00e1bban bejelentett MSZP Oroszl\u00e1nyi Szervezete \u00e9s a DK helyi csoportja k\u00f6z\u00f6tt megk\u00f6t\u00f6tt v\u00e1laszt\u00e1si sz\u00f6vets\u00e9gnek \u00fajabb t\u00e1mogat\u00f3i lesznek v\u00e1rhat\u00f3an. A finisbe jutottak a t\u00e1rgyal\u00e1sok az EGY\u00dcTT \u2013 Korszakv\u00e1lt\u00f3k P\u00e1rja megyei szervezet\u00e9nek vezet\u0151ivel, \u00edgy ennek megfelel\u0151en megjelent kiadv\u00e1nyainkon a p\u00e1rt embl\u00e9m\u00e1ja is.<\/p>\n","protected":false},"excerpt":{"rendered":"<p>A kor\u00e1bban bejelentett MSZP Oroszl\u00e1nyi Szervezete \u00e9s a DK helyi csoportja k\u00f6z\u00f6tt megk\u00f6t\u00f6tt v\u00e1laszt\u00e1si sz\u00f6vets\u00e9gnek \u00fajabb t\u00e1mogat\u00f3i lesznek v\u00e1rhat\u00f3an. A finisbe jutottak a t\u00e1rgyal\u00e1sok az EGY\u00dcTT \u2013 Korszakv\u00e1lt\u00f3k P\u00e1rja megyei szervezet\u00e9nek vezet\u0151ivel, \u00edgy ennek megfelel\u0151en megjelent kiadv\u00e1nyainkon a p\u00e1rt embl\u00e9m\u00e1ja &hellip; <a href=\"https:\/\/solyom.oroszlany.com\/?page_id=172\">Egy kattint\u00e1s ide a folytat\u00e1shoz&#8230;. <span class=\"meta-nav\">&rarr;<\/span><\/a><\/p>\n","protected":false},"author":1,"featured_media":0,"parent":168,"menu_order":12,"comment_status":"closed","ping_status":"closed","template":"","meta":{"footnotes":""},"class_list":["post-172","page","type-page","status-publish","hentry"],"_links":{"self":[{"href":"https:\/\/solyom.oroszlany.com\/index.php?rest_route=\/wp\/v2\/pages\/172","targetHints":{"allow":["GET"]}}],"collection":[{"href":"https:\/\/solyom.oroszlany.com\/index.php?rest_route=\/wp\/v2\/pages"}],"about":[{"href":"https:\/\/solyom.oroszlany.com\/index.php?rest_route=\/wp\/v2\/types\/page"}],"author":[{"embeddable":true,"href":"https:\/\/solyom.oroszlany.com\/index.php?rest_route=\/wp\/v2\/users\/1"}],"replies":[{"embeddable":true,"href":"https:\/\/solyom.oroszlany.com\/index.php?rest_route=%2Fwp%2Fv2%2Fcomments&post=172"}],"version-history":[{"count":0,"href":"https:\/\/solyom.oroszlany.com\/index.php?rest_route=\/wp\/v2\/pages\/172\/revisions"}],"up":[{"embeddable":true,"href":"https:\/\/solyom.oroszlany.com\/index.php?rest_route=\/wp\/v2\/pages\/168"}],"wp:attachment":[{"href":"https:\/\/solyom.oroszlany.com\/index.php?rest_route=%2Fwp%2Fv2%2Fmedia&parent=172"}],"curies":[{"name":"wp","href":"https:\/\/api.w.org\/{rel}","templated":true}]}}