{"id":168,"date":"2014-10-15T21:17:37","date_gmt":"2014-10-15T21:17:37","guid":{"rendered":"http:\/\/solyom.oroszlany.com\/?page_id=168"},"modified":"2019-10-14T15:29:02","modified_gmt":"2019-10-14T15:29:02","slug":"hirek-informaciok","status":"publish","type":"page","link":"https:\/\/solyom.oroszlany.com\/?page_id=168","title":{"rendered":"H\u00edrek, inform\u00e1ci\u00f3k&#8230;"},"content":{"rendered":"<ul>\n<li><a title=\"Egy\u00fcttm\u0171k\u00f6d\u00e9st k\u00f6t\u00f6ttek\" href=\"http:\/\/solyom.oroszlany.com\/?page_id=170\">Egy\u00fcttm\u0171k\u00f6d\u00e9s<\/a>t k\u00f6t\u00f6ttek<\/li>\n<li>\u00dajabb <a title=\"\u00dajabb t\u00e1mogat\u00f3\" href=\"http:\/\/solyom.oroszlany.com\/?page_id=172\">t\u00e1mogat\u00f3<\/a><\/li>\n<\/ul>\n","protected":false},"excerpt":{"rendered":"<p>Egy\u00fcttm\u0171k\u00f6d\u00e9st k\u00f6t\u00f6ttek \u00dajabb t\u00e1mogat\u00f3<\/p>\n","protected":false},"author":1,"featured_media":0,"parent":680,"menu_order":70,"comment_status":"closed","ping_status":"closed","template":"","meta":{"footnotes":""},"class_list":["post-168","page","type-page","status-publish","hentry"],"_links":{"self":[{"href":"https:\/\/solyom.oroszlany.com\/index.php?rest_route=\/wp\/v2\/pages\/168","targetHints":{"allow":["GET"]}}],"collection":[{"href":"https:\/\/solyom.oroszlany.com\/index.php?rest_route=\/wp\/v2\/pages"}],"about":[{"href":"https:\/\/solyom.oroszlany.com\/index.php?rest_route=\/wp\/v2\/types\/page"}],"author":[{"embeddable":true,"href":"https:\/\/solyom.oroszlany.com\/index.php?rest_route=\/wp\/v2\/users\/1"}],"replies":[{"embeddable":true,"href":"https:\/\/solyom.oroszlany.com\/index.php?rest_route=%2Fwp%2Fv2%2Fcomments&post=168"}],"version-history":[{"count":0,"href":"https:\/\/solyom.oroszlany.com\/index.php?rest_route=\/wp\/v2\/pages\/168\/revisions"}],"up":[{"embeddable":true,"href":"https:\/\/solyom.oroszlany.com\/index.php?rest_route=\/wp\/v2\/pages\/680"}],"wp:attachment":[{"href":"https:\/\/solyom.oroszlany.com\/index.php?rest_route=%2Fwp%2Fv2%2Fmedia&parent=168"}],"curies":[{"name":"wp","href":"https:\/\/api.w.org\/{rel}","templated":true}]}}