{"id":153,"date":"2014-10-15T21:03:58","date_gmt":"2014-10-15T21:03:58","guid":{"rendered":"http:\/\/solyom.oroszlany.com\/?page_id=153"},"modified":"2019-08-06T15:41:51","modified_gmt":"2019-08-06T15:41:51","slug":"koszonto","status":"publish","type":"page","link":"https:\/\/solyom.oroszlany.com\/?page_id=153","title":{"rendered":"K\u00f6sz\u00f6nt\u0151"},"content":{"rendered":"<p>Kedves Oroszl\u00e1nyi Lakos!<\/p>\n<p>Bizony\u00e1ra tudja, hogy <strong>2014. okt\u00f3ber 12.<\/strong>-\u00e9n \u00f6nkorm\u00e1nyzati v\u00e1laszt\u00e1sok lesznek. Vagyis ezen a napon polg\u00e1rmestert \u00e9s k\u00e9pvisel\u0151-test\u00fcletet v\u00e1lasztanak az oroszl\u00e1nyiak, mint ahogy minden m\u00e1s telep\u00fcl\u00e9sen lak\u00f3k is Magyarorsz\u00e1gon. Jelen levelemet ezzel kapcsolatosan k\u00fcldtem \u00d6nnek.<\/p>\n<p>A helyi \u00e9s orsz\u00e1gos politikai k\u00f6z\u00e9let t\u00f6rt\u00e9n\u00e9sei Aggodalomra okot ad\u00f3 v\u00e1ltoz\u00e1sokon mentek kereszt\u00fcl az elm\u00falt 5-6 \u00e9vben, ami arra vezetett, hogy a folyamatok konszolid\u00e1l\u00e1sa \u00e9rdek\u00e9ben akt\u00edv politiz\u00e1l\u00e1sba kezdjek. Ennek \u00e9rdek\u00e9ben indulok az \u0151szi \u00f6nkorm\u00e1nyzati v\u00e1laszt\u00e1sokon. A <strong>demokr\u00e1cia<\/strong> \u00e9s a t\u00e1rsadalmi <strong>szolidarit\u00e1s<\/strong> mindig is fontos \u00e9rt\u00e9kek voltak sz\u00e1momra, \u00edgy \u00f6r\u00f6mmel vettem, hogy a demokratikus ellenz\u00e9k politikai szervezetei t\u00e1mogat\u00e1sukr\u00f3l biztos\u00edtottak elhat\u00e1roz\u00e1somban.<\/p>\n<p>Mott\u00f3mnak megfelel\u0151en &#8222;<strong>K\u00f6z\u00f6s er\u0151vel egy \u00e9lhet\u0151bb Oroszl\u00e1ny\u00e9rt!<\/strong>&#8222;, alapvet\u0151 fontoss\u00e1g\u00fanak tartom, hogy m\u00e1r a kezdetek-kezdet\u00e9n azokkal m\u0171k\u00f6djem egy\u00fctt v\u00e1rosi szinten, akik hisznek abban, hogy Oroszl\u00e1ny lehetne sokkal jobb hely, mint amilyenn\u00e9 az ut\u00f3bbi \u00e9vekben v\u00e1lt.<\/p>\n<p>Ehhez mindannyiunk \u00f6tleteire, javaslataira, \u00e9szrev\u00e9teleire sz\u00fcks\u00e9g van. Ezt a levelet annak \u00e9rdek\u00e9ben juttattam el \u00d6nh\u00f6z, hogy egy ilyen egy\u00fctt gondolkod\u00e1sra k\u00e9rjem meg \u00d6nt, m\u00e1r most j\u00f3val a v\u00e1laszt\u00e1sok el\u0151tt. Amennyiben \u00fagy \u00e9rzi, hogy \u00f6tleteivel, javaslataival, esetleg t\u00e9nyleges tev\u00e9kenys\u00e9g\u00e9vel seg\u00edteni tud nekem, vagy a v\u00e1rost \u00e9lhet\u0151bb\u00e9 tenni k\u00edv\u00e1n\u00f3k csapat\u00e1nak, akkor jelezze ezt fel\u00e9m az al\u00e1bbi el\u00e9rhet\u0151s\u00e9gek valamelyik\u00e9n!<\/p>\n<p style=\"padding-left: 30px;\">e-mail: <strong>solyom@oroszlany.com<\/strong><br \/>\ntelefon: <strong>+36 (20) 446-1732<\/strong><br \/>\nfacebook: <strong>facebook.com\/solyom2840<\/strong><br \/>\nweb: <strong>http:\/\/solyom.oroszlany.com<\/strong><\/p>\n<p>Egy ember nem v\u00e1ltoztathatja meg az \u00e1llapotokat, ahogy egy fecske sem csin\u00e1lhat nyarat. \u00c9ppen ez\u00e9rt, egy csapat tagjak\u00e9nt k\u00edv\u00e1nom v\u00e9gezni a munk\u00e1t Oroszl\u00e1ny j\u00f6v\u0151j\u00e9\u00e9rt! Ennek a csapatnak vezet\u0151je az a <strong>Laz\u00f3k Zolt\u00e1n<\/strong>, polg\u00e1rmester-jel\u00f6lt, aki egyben a <strong>K\u00f6z\u00f6sen Oroszl\u00e1ny\u00e9rt V\u00e1laszt\u00e1si Sz\u00f6vets\u00e9g<\/strong>, vagyis a KOV\u00c1SZ, tagjainak akt\u00edv t\u00e1mogat\u00e1s\u00e1t is b\u00edrja. Laz\u00f3k \u00far arra v\u00e1llalkozik, hogy a helyi \u00e9s az orsz\u00e1gos p\u00e1rtpolitikai \u00e9rdekekt\u0151l f\u00fcggetlen\u00fcl az oroszl\u00e1nyiak \u00e9s Oroszl\u00e1ny v\u00e1ros \u00e9rdek\u00e9ben tev\u00e9kenykedjen a k\u00f6vetkez\u0151 \u00f6t \u00e9vben. Ehhez k\u00e9rj\u00fck t\u00e1mogat\u00e1sukat most is, \u00e9s okt\u00f3ber 12-\u00e9n a v\u00e1laszt\u00e1s napj\u00e1n is!<\/p>\n<p>A sz\u00f6vets\u00e9ggel kapcsolatos tov\u00e1bbi inform\u00e1ci\u00f3k <strong>http:\/\/kovasz.oroszlany.com<\/strong><\/p>\n<p>Oroszl\u00e1ny, 2014. augusztus 22.<\/p>\n<p>Tisztelettel<\/p>\n<p>S\u00f3lyom J\u00f6ran<br \/>\na KOV\u00c1SZ jel\u00f6ltje<\/p>\n","protected":false},"excerpt":{"rendered":"<p>Kedves Oroszl\u00e1nyi Lakos! Bizony\u00e1ra tudja, hogy 2014. okt\u00f3ber 12.-\u00e9n \u00f6nkorm\u00e1nyzati v\u00e1laszt\u00e1sok lesznek. Vagyis ezen a napon polg\u00e1rmestert \u00e9s k\u00e9pvisel\u0151-test\u00fcletet v\u00e1lasztanak az oroszl\u00e1nyiak, mint ahogy minden m\u00e1s telep\u00fcl\u00e9sen lak\u00f3k is Magyarorsz\u00e1gon. Jelen levelemet ezzel kapcsolatosan k\u00fcldtem \u00d6nnek. A helyi \u00e9s orsz\u00e1gos &hellip; <a href=\"https:\/\/solyom.oroszlany.com\/?page_id=153\">Egy kattint\u00e1s ide a folytat\u00e1shoz&#8230;. <span class=\"meta-nav\">&rarr;<\/span><\/a><\/p>\n","protected":false},"author":1,"featured_media":0,"parent":680,"menu_order":10,"comment_status":"closed","ping_status":"closed","template":"","meta":{"footnotes":""},"class_list":["post-153","page","type-page","status-publish","hentry"],"_links":{"self":[{"href":"https:\/\/solyom.oroszlany.com\/index.php?rest_route=\/wp\/v2\/pages\/153","targetHints":{"allow":["GET"]}}],"collection":[{"href":"https:\/\/solyom.oroszlany.com\/index.php?rest_route=\/wp\/v2\/pages"}],"about":[{"href":"https:\/\/solyom.oroszlany.com\/index.php?rest_route=\/wp\/v2\/types\/page"}],"author":[{"embeddable":true,"href":"https:\/\/solyom.oroszlany.com\/index.php?rest_route=\/wp\/v2\/users\/1"}],"replies":[{"embeddable":true,"href":"https:\/\/solyom.oroszlany.com\/index.php?rest_route=%2Fwp%2Fv2%2Fcomments&post=153"}],"version-history":[{"count":0,"href":"https:\/\/solyom.oroszlany.com\/index.php?rest_route=\/wp\/v2\/pages\/153\/revisions"}],"up":[{"embeddable":true,"href":"https:\/\/solyom.oroszlany.com\/index.php?rest_route=\/wp\/v2\/pages\/680"}],"wp:attachment":[{"href":"https:\/\/solyom.oroszlany.com\/index.php?rest_route=%2Fwp%2Fv2%2Fmedia&parent=153"}],"curies":[{"name":"wp","href":"https:\/\/api.w.org\/{rel}","templated":true}]}}