{"id":119,"date":"2014-10-01T09:22:34","date_gmt":"2014-10-01T09:22:34","guid":{"rendered":"http:\/\/solyom.oroszlany.com\/?page_id=119"},"modified":"2014-10-09T19:46:47","modified_gmt":"2014-10-09T19:46:47","slug":"gondolatok-a-kozlekedesrol","status":"publish","type":"page","link":"https:\/\/solyom.oroszlany.com\/?page_id=119","title":{"rendered":"Gondolatok a k\u00f6zleked\u00e9sr\u0151l"},"content":{"rendered":"<p><img loading=\"lazy\" decoding=\"async\" class=\"alignleft size-full wp-image-139\" src=\"http:\/\/solyom.oroszlany.com\/wp-content\/uploads\/2014\/10\/kozlekedes.jpg\" alt=\"K\u00f6zleked\u00e9s\" width=\"200\" height=\"120\" \/>Oroszl\u00e1ny, mint t\u00e9rs\u00e9gi k\u00f6zpont k\u00f6zleked\u00e9s szempontj\u00e1b\u00f3l nem panaszkodhat. Rendelkez\u00fcnk vas\u00fati \u00e9s k\u00f6z\u00fati k\u00f6zleked\u00e9ssel is. A kecsk\u00e9di rep\u00fcl\u0151t\u00e9r r\u00e9sze a hazai l\u00e9gi k\u00f6zleked\u00e9s rendszer\u00e9nek, de ink\u00e1bb sport-, mintsem \u00fczleti c\u00e9lokat szolg\u00e1l. A k\u00f6z\u00fati k\u00f6zleked\u00e9s ter\u00e9n a helyi, helyk\u00f6zi \u00e9s t\u00e1vols\u00e1gi aut\u00f3busz k\u00f6zleked\u00e9s el\u00e9rhet\u0151 a v\u00e1ros t\u00f6bb pontj\u00e1n is. Ezek val\u00f3s ig\u00e9nyekhez igazod\u00e1s\u00e1val azonban m\u00e1r vannak lakoss\u00e1gi \u00e9szrev\u00e9telek. Szint\u00e9n gond, hogy a k\u00f6zleked\u00e9sben elv\u00e1rt &#8222;j\u00e1ratilleszked\u00e9sekkel&#8221; azonban m\u00e1r komoly probl\u00e9m\u00e1k vannak. Tov\u00e1bbi gond, hogy az illeszked\u00e9sekhez az infrastruktur\u00e1lis felt\u00e9telek sem adottak.<\/p>\n<p>A helyi k\u00f6zleked\u00e9si lehet\u0151s\u00e9get vizsg\u00e1lva meg\u00e1llap\u00edthat\u00f3, hogy a v\u00e1rosban t\u00f6bb helyen is komoly min\u0151s\u00e9gi kifog\u00e1sok vannak a gyalogos \u00e9s a k\u00f6z\u00fati k\u00f6zleked\u00e9s &#8222;alapjaival&#8221;. Sok j\u00e1rda \u00e9s k\u00f6z\u00fat (f\u0151leg a mell\u00e9kutc\u00e1kban) szinte teljess\u00e9ggel j\u00e1rhatatlanok. A v\u00e1rosban megl\u00e9v\u0151 j\u00e1rm\u0171park rohamos fejl\u0151d\u00e9se komoly probl\u00e9m\u00e1kat jelent a parkol\u00e1s biztos\u00edt\u00e1sa sor\u00e1n, pedig sok helyen parlagon hevernek ter\u00fcletek. A frekvent\u00e1lt ter\u00fcleteken neh\u00e9z a hat\u00e9kony parkol\u00e1s biztos\u00edt\u00e1sa. A lak\u00f3h\u00e1zas ter\u00fcleteken kora est\u00e9re teljesen megtelnek a kor\u00e1bban kialak\u00edtott parkol\u00f3k. \u00cdgy t\u00f6bben &#8222;illeg\u00e1lis&#8221; parkol\u00e1si megold\u00e1sok ut\u00e1n n\u00e9znek.<\/p>\n<p><strong>Gondolataim a t\u00e9m\u00e1val kapcsolatosan<\/strong><\/p>\n<p><strong>T\u00f6megk\u00f6zleked\u00e9s (vas\u00fat, aut\u00f3busz)<\/strong> \u2013 A vas\u00fatvonal M\u00f3r fel\u00e9 t\u00f6rt\u00e9n\u0151 meghosszabb\u00edt\u00e1sa m\u00e1r t\u00f6bb \u00e9vtizedes elk\u00e9pzel\u00e9s, amib\u0151l mindez-id\u00e1ig sajn\u00e1latos m\u00f3don semmi sem lett. A k\u00e9rd\u00e9st megl\u00e1t\u00e1som szerint tov\u00e1bbra is felsz\u00ednen kell tartani, de enn\u00e9l sokkal hat\u00e9konyabb megold\u00e1s lenne, ha az \u00e1llom\u00e1s \u00e9p\u00fclet\u00e9nek rendbet\u00e9tel\u00e9t k\u00f6vet\u0151en egy nagyobb P+R parkol\u00f3 kialak\u00edt\u00e1s\u00e1val biztos\u00edtan\u00e1nk a t\u00e9rs\u00e9gben\/j\u00e1r\u00e1sban \u00e9l\u0151k sz\u00e1m\u00e1ra, az olcs\u00f3bb t\u00f6megk\u00f6zleked\u00e9s ig\u00e9nybev\u00e9tel\u00e9nek lehet\u0151s\u00e9g\u00e9t. A jelenlegi \u00e1llom\u00e1s vas\u00fati s\u00ednekkel ell\u00e1tott r\u00e9sze alkalmas lenne aut\u00f3busz be\u00e1ll\u00f3 kialak\u00edt\u00e1s\u00e1ra, amely a vas\u00fat-aut\u00f3busz illeszked\u00e9s min\u0151s\u00e9g\u00e9t tudn\u00e1 jelent\u0151sen jav\u00edtani a t\u00e1vols\u00e1gi \u00e9s helyk\u00f6zi k\u00f6zleked\u0151k sz\u00e1m\u00e1ra. A parkol\u00f3k \u00e9s a buszmeg\u00e1ll\u00f3k, valamint az \u00e9p\u00fcletben kialak\u00edtott szolg\u00e1ltat\u00e1sok fejleszt\u00e9s\u00e9vel egy t\u00e9rs\u00e9gi k\u00f6zleked\u00e9si k\u00f6zpont ker\u00fclne kialak\u00edt\u00e1sra a most egyre jobban le\u00e9p\u00fcl\u0151 vas\u00fat\u00e1llom\u00e1s hely\u00e9n.<\/p>\n<p>A t\u00e9rs\u00e9gi\/j\u00e1r\u00e1si k\u00f6zpont szerep\u00fcnk n\u00f6vel\u00e9se \u00e9rdek\u00e9ben a hivatalokkal, hat\u00f3s\u00e1gokkal, a t\u00e9rs\u00e9g szervezeteivel \u00e9s \u00e9rdekk\u00f6z\u00f6ss\u00e9geivel k\u00f6z\u00f6sen el kell k\u00e9sz\u00edteni egy k\u00f6z\u00e9pt\u00e1v\u00fa helyi \u00e9s helyk\u00f6zi k\u00f6zleked\u00e9si fejleszt\u00e9si tervet, amelyben kiemelt hangs\u00falyt kell ford\u00edtani az Oroszl\u00e1nyba jut\u00e1s lehet\u0151s\u00e9geire. A v\u00e1rosban ig\u00e9nybe vehet\u0151 szolg\u00e1ltat\u00e1sok (oktat\u00e1s, eg\u00e9szs\u00e9g\u00fcgy, kereskedelem, munkahely, stb.) csak akkor k\u00e9pesek hat\u00e9konyan m\u0171k\u00f6dni \u00e9s fejl\u0151dni, ha ehhez rendelkez\u00e9sre \u00e1ll a megfelel\u0151 nagys\u00e1g\u00fa \u00e9s min\u0151s\u00e9g\u0171 kereslet. A fenti megold\u00e1s a kereslet mennyis\u00e9gi oldal\u00e1ban tud jelent\u0151s t\u00e1mogat\u00e1st ny\u00fajtani a v\u00e1ros sz\u00e1m\u00e1ra, n\u00f6velve ezzel a helyben lak\u00f3k min\u0151s\u00e9gi ell\u00e1t\u00e1s\u00e1t is.<\/p>\n<p><strong>K\u00f6z\u00fati k\u00f6zleked\u00e9s<\/strong> \u2013 Oroszl\u00e1ny k\u00f6z\u00fatjainak \u00e1llapot\u00e1t jelent\u0151sen jav\u00edtani kell. A jelenlegi felesleges \u00e9s ellen\u0151rizetlen p\u00e9nzkidob\u00e1sos, egy\u00e9ni \u00e9rdekeket kiszolg\u00e1l\u00f3 megold\u00e1sok helyett a k\u00f6z\u00f6ss\u00e9g (lakoss\u00e1g) c\u00e9ljait sokkal jobban kiszolg\u00e1l\u00f3 megold\u00e1sokat kell a j\u00f6v\u0151ben prefer\u00e1lni. Szorosabb egy\u00fcttm\u0171k\u00f6d\u00e9st kell kialak\u00edtani az \u00e1llami k\u00f6zutak kezel\u0151j\u00e9vel annak \u00e9rdek\u00e9ben, hogy a j\u00f6v\u0151ben a min\u0151s\u00e9gi k\u00f6z\u00fatfejleszt\u00e9sekre tudjunk figyelni. A v\u00e1rosi tulajdonban l\u00e9v\u0151 utak \u00fczemeltet\u00e9s\u00e9re \u00e9s karbantart\u00e1s\u00e1ra pedig egy k\u00f6z\u00e9p- \u00e9s hossz\u00fa t\u00e1v\u00fa programot kell kidolgozni. Ennek kidolgoz\u00e1s\u00e1ba a lakoss\u00e1gnak akt\u00edv szerepet kell kapnia. \u00cdgy mindenki pontosan tudja majd, hogy lak\u00f3helye k\u00f6z\u00fatjai mikor \u00e9s milyen m\u00f3don fognak meg\u00fajulni.<\/p>\n<p><strong>Gyalogos \u00e9s ker\u00e9kp\u00e1ros k\u00f6zleked\u00e9s<\/strong> \u2013 A v\u00e1rosban nagyon sok helyen &#8222;ramaty&#8221; \u00e1llapotban vannak a j\u00e1rd\u00e1k, \u00e9s sok helyen a k\u00f6z\u00faton val\u00f3 kultur\u00e1lt \u00e1tkel\u00e9s lehet\u0151s\u00e9gei sem biztos\u00edtottak. Ez\u00e9rt a helyi k\u00f6zutak rendez\u00e9s\u00e9hez hasonl\u00f3an kell biztos\u00edtani a j\u00e1rd\u00e1k meg\u00faj\u00edt\u00e1s\u00e1t is. Azaz a lakoss\u00e1g v\u00e9lem\u00e9ny\u00e9nek figyelembev\u00e9tel\u00e9vel el kell k\u00e9sz\u00edttetni azt a programot, amely k\u00f6z\u00e9p- \u00e9s hossz\u00fa t\u00e1von rendezi a j\u00e1rd\u00e1k \u00fczemeltet\u00e9s\u00e9t \u00e9s karbantart\u00e1s\u00e1t. A ker\u00e9kp\u00e1ros k\u00f6zleked\u00e9s v\u00e1rosi kialak\u00edt\u00e1sa megl\u00e1t\u00e1som szerint nem kifejezetten sikert\u00f6rt\u00e9net. L\u00e1tom, hogy egyre t\u00f6bben vannak, akik ker\u00e9kp\u00e1rral k\u00f6zlekednek \u00e9s ez j\u00f3. Ez siker. De a ki\u00e9p\u00edtett \u00fattal, \u00e9s annak haszn\u00e1lat\u00e1val szerintem nagyon sok probl\u00e9ma felsz\u00ednre is ker\u00fclt. Ezeket a j\u00f6v\u0151ben kezelni kell. A ker\u00e9kp\u00e1r\u00fat fejleszt\u00e9s\u00e9t pedig szerintem folytatni kell. Els\u0151 k\u00f6rben a kertes h\u00e1zas \u00f6vezetekbe, m\u00e1sodsorban a v\u00e1ros k\u00f6rny\u00e9k\u00e9re vezet\u0151 ker\u00e9kp\u00e1rutakat kell ki\u00e9p\u00edteni, figyelembe v\u00e9ve a jelenlegi megold\u00e1s probl\u00e9m\u00e1it.<\/p>\n<p><strong>Parkol\u00e1s<\/strong> \u2013 Oroszl\u00e1nyon a sok k\u00f6zter\u00fcleten t\u00e1rolt j\u00e1rm\u0171 miatt napjainkra kaotikuss\u00e1 v\u00e1lt a parkol\u00e1s. A probl\u00e9m\u00e1t csak tov\u00e1bb n\u00f6veli, hogy a v\u00e1ros frekvent\u00e1lt ter\u00fcletein szinte lehetetlen, de mindenk\u00e9ppen probl\u00e9m\u00e1s a parkol\u00e1s. Komplex \u2013lakoss\u00e1gi v\u00e9lem\u00e9nyez\u00e9ssel t\u00e1mogatott\u2013 parkol\u00e1si rend kialak\u00edt\u00e1s\u00e1t kell biztos\u00edtani. Tudom, hogy n\u00e9pszer\u0171tlen v\u00e9lem\u00e9ny, de nem ker\u00fclhetj\u00fck meg, hogy a lakoss\u00e1g bevon\u00e1s\u00e1val lefolytassuk a fizet\u0151s parkol\u00f3k bevezet\u00e9s\u00e9nek k\u00e9rd\u00e9s\u00e9t. Hiszem, hogy megfelel\u0151 egyeztet\u00e9si m\u00f3dszerek alkalmaz\u00e1s\u00e1val a lakoss\u00e1g t\u00e1mogatni fog egy okosan kialak\u00edtott rendszert.<\/p>\n","protected":false},"excerpt":{"rendered":"<p>Oroszl\u00e1ny, mint t\u00e9rs\u00e9gi k\u00f6zpont k\u00f6zleked\u00e9s szempontj\u00e1b\u00f3l nem panaszkodhat. Rendelkez\u00fcnk vas\u00fati \u00e9s k\u00f6z\u00fati k\u00f6zleked\u00e9ssel is. A kecsk\u00e9di rep\u00fcl\u0151t\u00e9r r\u00e9sze a hazai l\u00e9gi k\u00f6zleked\u00e9s rendszer\u00e9nek, de ink\u00e1bb sport-, mintsem \u00fczleti c\u00e9lokat szolg\u00e1l. A k\u00f6z\u00fati k\u00f6zleked\u00e9s ter\u00e9n a helyi, helyk\u00f6zi \u00e9s t\u00e1vols\u00e1gi aut\u00f3busz &hellip; <a href=\"https:\/\/solyom.oroszlany.com\/?page_id=119\">Egy kattint\u00e1s ide a folytat\u00e1shoz&#8230;. <span class=\"meta-nav\">&rarr;<\/span><\/a><\/p>\n","protected":false},"author":1,"featured_media":0,"parent":23,"menu_order":14,"comment_status":"closed","ping_status":"closed","template":"","meta":{"footnotes":""},"class_list":["post-119","page","type-page","status-publish","hentry"],"_links":{"self":[{"href":"https:\/\/solyom.oroszlany.com\/index.php?rest_route=\/wp\/v2\/pages\/119","targetHints":{"allow":["GET"]}}],"collection":[{"href":"https:\/\/solyom.oroszlany.com\/index.php?rest_route=\/wp\/v2\/pages"}],"about":[{"href":"https:\/\/solyom.oroszlany.com\/index.php?rest_route=\/wp\/v2\/types\/page"}],"author":[{"embeddable":true,"href":"https:\/\/solyom.oroszlany.com\/index.php?rest_route=\/wp\/v2\/users\/1"}],"replies":[{"embeddable":true,"href":"https:\/\/solyom.oroszlany.com\/index.php?rest_route=%2Fwp%2Fv2%2Fcomments&post=119"}],"version-history":[{"count":0,"href":"https:\/\/solyom.oroszlany.com\/index.php?rest_route=\/wp\/v2\/pages\/119\/revisions"}],"up":[{"embeddable":true,"href":"https:\/\/solyom.oroszlany.com\/index.php?rest_route=\/wp\/v2\/pages\/23"}],"wp:attachment":[{"href":"https:\/\/solyom.oroszlany.com\/index.php?rest_route=%2Fwp%2Fv2%2Fmedia&parent=119"}],"curies":[{"name":"wp","href":"https:\/\/api.w.org\/{rel}","templated":true}]}}