{"id":1005,"date":"2019-10-14T15:49:15","date_gmt":"2019-10-14T15:49:15","guid":{"rendered":"https:\/\/solyom.oroszlany.com\/?page_id=1005"},"modified":"2019-10-14T15:49:15","modified_gmt":"2019-10-14T15:49:15","slug":"kortesbeszed","status":"publish","type":"page","link":"https:\/\/solyom.oroszlany.com\/?page_id=1005","title":{"rendered":"Kortesbesz\u00e9d"},"content":{"rendered":"<p><strong>Tisztelt V\u00e1laszt\u00f3polg\u00e1rok!<\/strong><\/p>\n<p>S\u00f3lyom J\u00f6ran vagyok, az Oroszl\u00e1nyiak Lok\u00e1lpatri\u00f3ta K\u00f6r\u00e9nek jel\u00f6ltje a 7-es sz\u00e1m\u00fa v\u00e1laszt\u00f3ker\u00fcletben. T\u00f6bb, mint 55 \u00e9ve \u00e9lek Oroszl\u00e1nyon. Kor\u00e1bban 13 \u00e9vig informatikusk\u00e9nt, majd azt k\u00f6vet\u0151en 16 \u00e9vig m\u0171szaki tan\u00e1rk\u00e9nt dolgoztam. 1992 \u00f3ta egy\u00e9ni v\u00e1llalkoz\u00f3 vagyok. Jelenleg feles\u00e9gemmel \u00e9s l\u00e1nyommal csal\u00e1di v\u00e1llalkoz\u00e1sunkban dolgozom.<\/p>\n<p>A fels\u0151fok\u00fa k\u00e9pes\u00edt\u00e9seimet Budapesten szereztem. 87-ben g\u00e9p\u00e9sz \u00fczemm\u00e9rn\u00f6ki \u00e9s m\u00e9rn\u00f6k tan\u00e1ri diplom\u00e1t, 97-ben k\u00f6zgazdas\u00e1gi diplom\u00e1t, 2009-ben k\u00f6zoktat\u00e1s-vezet\u0151i, illetve szakvizsg\u00e1zott pedag\u00f3gusi diplom\u00e1t szereztem.<\/p>\n<p>2010 \u00f3ta foglalkozom akt\u00edvan politik\u00e1val. 2014 okt\u00f3bere \u00f3ta vezetem a V\u00e1rosfejleszt\u00e9si \u00e9s K\u00f6rnyezetv\u00e9delmi Bizotts\u00e1got, illetve tan\u00e1csnok vagyok a P\u00e9nz\u00fcgyi Bizotts\u00e1gban.<\/p>\n<p>Fontosnak tartom, hogy az emberek \u00e9rdek\u00e9ben v\u00e9gezzem k\u00e9pvisel\u0151i munk\u00e1mat. \u00dcgyelek r\u00e1, hogy el\u00e9rhet\u0151 \u00e9s megtal\u00e1lhat\u00f3 legyek azok sz\u00e1m\u00e1ra akik seg\u00edts\u00e9get k\u00e9rnek t\u0151lem. Bizotts\u00e1gi eln\u00f6kk\u00e9nt a TV-ben, k\u00e9pvisel\u0151k\u00e9nt a Facebookon rendszeresen t\u00e1j\u00e9koztattam \u00f6n\u00f6ket munk\u00e1mr\u00f3l. T\u00f6bbsz\u00f6r k\u00e9rtem az \u00f6n\u00f6k v\u00e9lem\u00e9ny\u00e9t konkr\u00e9t k\u00e9rd\u00e9sekben. P\u00e9ld\u00e1ul parkol\u00f3l\u00e9tes\u00edt\u00e9s \u00e9s j\u00e1tsz\u00f3t\u00e9rfejleszt\u00e9s sor\u00e1n.<\/p>\n<p>Az \u00fat \u00e9s j\u00e1rdafel\u00faj\u00edt\u00e1si koncepci\u00f3 kidolgoz\u00e1sa, a parkol\u00f3k fejleszt\u00e9se, a j\u00e1tsz\u00f3tereket \u00e9rint\u0151 fejleszt\u00e9si koncepci\u00f3 el\u0151k\u00e9sz\u00edt\u00e9se mind, mind olyan t\u00e9mak\u00f6r\u00f6k, amikor az \u00f6n\u00f6k v\u00e9lem\u00e9nye alapj\u00e1n tettem javaslatokat, hoztam meg d\u00f6nt\u00e9seimet. Mert azt gondolom, hogy ez az, ami egy k\u00e9pvisel\u0151 feladata. Megismeri probl\u00e9m\u00e1kat \u00e9s seg\u00edteni azok megold\u00e1s\u00e1ban.<\/p>\n<p>Pont \u00fagy, ahogy a minap hozz\u00e1m eljutott panasz eset\u00e9ben is. T\u00f6rt\u00e9nt ugyanis, hogy az \u00f6nkorm\u00e1nyzat b\u00e9rlak\u00e1srendszer \u00e1talak\u00edt\u00e1s\u00e1val kapcsolatos test\u00fcleti d\u00f6nt\u00e9s v\u00e9grehajt\u00e1sa sor\u00e1n a k\u00f6rzetem egyik t\u00e1rsash\u00e1z k\u00f6z\u00f6ss\u00e9g\u00e9be bek\u00f6lt\u00f6ztetett b\u00e9rl\u0151k megoldhatatlan probl\u00e9m\u00e1t okoznak az ott \u00e9l\u0151knek. Az egyik tulajdonos szombaton elmondta, hogy panaszukkal megkerest\u00e9k ugyan az illet\u00e9keseket, de szerint\u00fck \u00e9rdemi v\u00e1ltoz\u00e1s nem t\u00f6rt\u00e9nt.<\/p>\n<p>Egy mai egyeztet\u00e9sen tiszt\u00e1z\u00f3dott, hogy csak egy b\u00edr\u00f3s\u00e1gi elj\u00e1r\u00e1sban lehetne a december v\u00e9g\u00e9n lej\u00e1r\u00f3 b\u00e9rleti szerz\u0151d\u00e9st felbontani, ami nagyon sok id\u0151be telne. Egy birtokv\u00e9delmi elj\u00e1r\u00e1s kezdem\u00e9nyez\u00e9se sem hozna gyors megold\u00e1st, mert az \u00f6nkorm\u00e1nyzat \u00e9rintetts\u00e9g miatt nem d\u00f6nthet ilyen esetekben, \u00edgy m\u00e1s elj\u00e1r\u00f3t kell kijel\u00f6lni, ami szint\u00e9n id\u0151ig\u00e9nyes. Vagyis a re\u00e1lis hat\u00e1rid\u0151 a b\u00e9rleti szerz\u0151d\u00e9s felbont\u00e1s\u00e1ra december 31-e. Az illet\u00e9kesekt\u0151l arra azonban \u00edg\u00e9retet kaptam, hogy addig kidolgozz\u00e1k a mindk\u00e9t f\u00e9l, tulajdonosok \u00e9s b\u00e9rl\u0151k sz\u00e1mra is megnyugtat\u00f3 megold\u00e1st.<\/p>\n<p>J\u00f3l l\u00e1tszik, hogy ez is egy olyan probl\u00e9ma, amelynek megold\u00e1s\u00e1nak el\u0151seg\u00edt\u00e9se egy \u00f6nkorm\u00e1nyzati k\u00e9pvisel\u0151 munk\u00e1j\u00e1nak szerves r\u00e9sze (t\u00e1j\u00e9koz\u00f3d\u00e1s, egyeztet\u00e9s, d\u00f6nt\u00e9s \u00e9s t\u00e1j\u00e9koztat\u00e1s). \u00c9s szerintem ez \u00edgy term\u00e9szetes.<\/p>\n<p><strong>V\u00e9g\u00fcl p\u00e1r sz\u00f3t arr\u00f3l, hogy mik\u00e9nt k\u00e9pzelem a j\u00f6v\u0151t.<\/strong><\/p>\n<p>Az OLPK programj\u00e1nak mind a 20 pontj\u00e1val egyet\u00e9rtek. Azonban az \u00e1ltalam  tartott f\u00f3rumok \u00e9s a k\u00f6z\u00f6ss\u00e9gek \u00e1ltal hozz\u00e1m eljuttatott probl\u00e9m\u00e1k kapcs\u00e1n meger\u0151s\u00f6d\u00f6tt bennem, hogy az eddigi v\u00e1rakoz\u00f3, begy\u0171jt\u0151 \u00e9s n\u00e9ha kicsit felbujt\u00f3s hozz\u00e1\u00e1ll\u00e1somon n\u00e9mileg v\u00e1ltoztatnom kell. Ez\u00e9rt a k\u00f6vetkez\u0151 ciklusban legfontosabb feladatomnak egy v\u00e1laszt\u00f3ker\u00fcleti k\u00f6z\u00f6ss\u00e9g l\u00e9trehoz\u00e1s\u00e1t \u00e9s m\u0171k\u00f6dtet\u00e9s\u00e9t tartom. Egy olyan k\u00f6z\u00f6ss\u00e9g\u00e9t, amely \u00f6sszegy\u0171jti a v\u00e9lem\u00e9nyeket\/\u00e9szrev\u00e9teleket. Ezek alapj\u00e1n gondolatokat\/javaslatokat fogalmaz meg, amelyeket k\u00e9pviselhetek a test\u00fcleti munk\u00e1mban. Azt is fontosnak tartom, hogy a k\u00f6z\u00f6ss\u00e9g akt\u00edv szerepet is v\u00e1llaljon a probl\u00e9m\u00e1k megold\u00e1s\u00e1ban.<\/p>\n<p>Azt szeretn\u00e9m, ha ennek a k\u00f6z\u00f6ss\u00e9gnek a tagjai k\u00f6z\u00f6sen hat\u00e1rozn\u00e1k meg, hogy milyen legyen a v\u00e1laszt\u00f3ker\u00fclet k\u00f6zleked\u00e9se, mi t\u00f6rt\u00e9njen a k\u00f6rzetben l\u00e9v\u0151 k\u00f6zter\u00fcletekkel, hol \u00e9s milyen jelleg\u0171 fejleszt\u00e9sek val\u00f3suljanak meg, \u00e9s \u00edgy tov\u00e1bb.<\/p>\n<p>Nagy megtiszteltet\u00e9s lenne sz\u00e1momra, ha egy ilyen \u201eEgy\u00fctt, egym\u00e1s\u00e9rt \u00e9s \u00f6nmagunk\u00e9rt\u201d alapgondolatra \u00e9p\u00edtett k\u00f6z\u00f6ss\u00e9g \u00f6nkorm\u00e1nyzati k\u00e9pvisel\u0151je lehetn\u00e9k.<\/p>\n<p>\u00c9n ehhez k\u00e9rem az \u00d6n\u00f6k t\u00e1mogat\u00e1s\u00e1t. Amennyiben \u00fagy gondolj\u00e1k, hogy ezek az elk\u00e9pzel\u00e9sek t\u00e1mogathat\u00f3ak, akkor k\u00e9rem okt\u00f3ber 13-\u00e1n szavazzanak r\u00e1m, az OLPK jel\u00f6ltjeire \u00e9s polg\u00e1rmesterjel\u00f6lt\u00fcnkre.<\/p>\n<p>K\u00f6sz\u00f6n\u00f6m megtisztel\u0151 figyelm\u00fcket!<\/p>\n","protected":false},"excerpt":{"rendered":"<p>Tisztelt V\u00e1laszt\u00f3polg\u00e1rok! S\u00f3lyom J\u00f6ran vagyok, az Oroszl\u00e1nyiak Lok\u00e1lpatri\u00f3ta K\u00f6r\u00e9nek jel\u00f6ltje a 7-es sz\u00e1m\u00fa v\u00e1laszt\u00f3ker\u00fcletben. T\u00f6bb, mint 55 \u00e9ve \u00e9lek Oroszl\u00e1nyon. Kor\u00e1bban 13 \u00e9vig informatikusk\u00e9nt, majd azt k\u00f6vet\u0151en 16 \u00e9vig m\u0171szaki tan\u00e1rk\u00e9nt dolgoztam. 1992 \u00f3ta egy\u00e9ni v\u00e1llalkoz\u00f3 vagyok. Jelenleg feles\u00e9gemmel \u00e9s &hellip; <a href=\"https:\/\/solyom.oroszlany.com\/?page_id=1005\">Egy kattint\u00e1s ide a folytat\u00e1shoz&#8230;. <span class=\"meta-nav\">&rarr;<\/span><\/a><\/p>\n","protected":false},"author":1,"featured_media":0,"parent":695,"menu_order":60,"comment_status":"closed","ping_status":"closed","template":"","meta":{"footnotes":""},"class_list":["post-1005","page","type-page","status-publish","hentry"],"_links":{"self":[{"href":"https:\/\/solyom.oroszlany.com\/index.php?rest_route=\/wp\/v2\/pages\/1005","targetHints":{"allow":["GET"]}}],"collection":[{"href":"https:\/\/solyom.oroszlany.com\/index.php?rest_route=\/wp\/v2\/pages"}],"about":[{"href":"https:\/\/solyom.oroszlany.com\/index.php?rest_route=\/wp\/v2\/types\/page"}],"author":[{"embeddable":true,"href":"https:\/\/solyom.oroszlany.com\/index.php?rest_route=\/wp\/v2\/users\/1"}],"replies":[{"embeddable":true,"href":"https:\/\/solyom.oroszlany.com\/index.php?rest_route=%2Fwp%2Fv2%2Fcomments&post=1005"}],"version-history":[{"count":0,"href":"https:\/\/solyom.oroszlany.com\/index.php?rest_route=\/wp\/v2\/pages\/1005\/revisions"}],"up":[{"embeddable":true,"href":"https:\/\/solyom.oroszlany.com\/index.php?rest_route=\/wp\/v2\/pages\/695"}],"wp:attachment":[{"href":"https:\/\/solyom.oroszlany.com\/index.php?rest_route=%2Fwp%2Fv2%2Fmedia&parent=1005"}],"curies":[{"name":"wp","href":"https:\/\/api.w.org\/{rel}","templated":true}]}}