{"id":1000,"date":"2019-10-14T15:45:37","date_gmt":"2019-10-14T15:45:37","guid":{"rendered":"https:\/\/solyom.oroszlany.com\/?page_id=1000"},"modified":"2019-10-14T15:45:37","modified_gmt":"2019-10-14T15:45:37","slug":"valasztasi-program","status":"publish","type":"page","link":"https:\/\/solyom.oroszlany.com\/?page_id=1000","title":{"rendered":"V\u00e1laszt\u00e1si program"},"content":{"rendered":"<p>2019. szeptember 7-\u00e9n az OLPK k\u00f6zz\u00e9tette hivatalos &#8222;V\u00e1laszt\u00e1si programj\u00e1t&#8221; azokon a leporell\u00f3kon, amelyeket jelenleg is &#8222;ter\u00edtenek&#8221; a v\u00e1rosban. A nyomtatott anyag minden oroszl\u00e1nyi lakos postal\u00e1d\u00e1j\u00e1ban megtal\u00e1lhat\u00f3 lesz. A programon k\u00edv\u00fcl tartalmazza a jel\u00f6ltek (polg\u00e1rmester \u00e9s egy\u00e9ni k\u00e9pvisel\u0151) r\u00f6vid bemutatkoz\u00e1s\u00e1t is. Amennyiben a programmal, vagy a jel\u00f6ltekkel kapcsolatosan k\u00e9rd\u00e9sei lenn\u00e9nek, akkor keress\u00e9k a jel\u00f6lteket \u00e9s tegy\u00e9k fel nekik. V\u00e1laszolnak minden k\u00e9rd\u00e9sre \u00e9s \u00f6r\u00f6mmel veszik, ha tov\u00e1bbi javaslataikat is megfogalmazz\u00e1k fel\u00e9j\u00fck.<\/p>\n<div id=\"attachment_807\" style=\"width: 610px\" class=\"wp-caption aligncenter\"><img loading=\"lazy\" decoding=\"async\" aria-describedby=\"caption-attachment-807\" src=\"https:\/\/solyom.oroszlany.com\/wp-content\/uploads\/2019\/09\/olpk-program.png\" alt=\"OLPK v\u00e1laszt\u00e1si programja\" width=\"600\" height=\"300\" class=\"size-full wp-image-807\" \/><p id=\"caption-attachment-807\" class=\"wp-caption-text\">OLPK v\u00e1laszt\u00e1si programja<\/p><\/div>\n<p><strong>Az OLPK k\u00f6z\u00f6s v\u00e1laszt\u00e1si programja<\/strong><\/p>\n<ol>\n<li>Folytatjuk az utak \u00e9s j\u00e1rd\u00e1k fel\u00faj\u00edt\u00e1s\u00e1t, a v\u00e1rosr\u00e9szek korszer\u0171s\u00edt\u00e9s\u00e9t.<\/li>\n<li>Kiemelt feladatunknak tekintj\u00fck a v\u00e1rosi tavak, a vas\u00fat\u00e1llom\u00e1s k\u00f6rnyezet\u00e9nek rendez\u00e9s\u00e9t.<\/li>\n<li>Tov\u00e1bbfejlesztj\u00fck a k\u00f6zter\u00fcleti ellen\u0151rz\u00e9si rendszert \u00e9s \u00e9jszakai \u00fcgyeletet vezet\u00fcnk be a k\u00f6zter\u00fclet-fel\u00fcgyeletn\u00e9l.<\/li>\n<li>\u00daj alapokra helyezz\u00fck az id\u0151skor\u00faak t\u00e1mogat\u00e1s\u00e1t \u00e9s t\u00e1j\u00e9koztat\u00e1s\u00e1t, bevonjuk \u0151ket a v\u00e1rossal kapcsolatos d\u00f6nt\u00e9shozatalba.<\/li>\n<li>2020-ban megkezdj\u00fck egy nyugd\u00edjas otthon kialak\u00edt\u00e1s\u00e1t.<\/li>\n<li>Folytatjuk az eg\u00e9szs\u00e9g\u00fcgyben dolgoz\u00f3k, valamint a pedag\u00f3gusok havi jutalmaz\u00e1s\u00e1t. El\u00e9rhet\u0151v\u00e9 tessz\u00fck az \u00f6szt\u00f6nd\u00edjrendszert az egyetemist\u00e1knak \u00e9s f\u0151iskol\u00e1soknak.<\/li>\n<li>Folytatjuk az int\u00e9zm\u00e9nyek, t\u00e1rsash\u00e1zak \u00e9s lak\u00f3ingatlanok energetikai korszer\u0171s\u00edt\u00e9si programj\u00e1t.<\/li>\n<li>Folytatjuk a B\u00e1ny\u00e1szati M\u00fazeum tov\u00e1bbfejleszt\u00e9s\u00e9t. Koncertek \u00e9s zen\u00e9s programok megtart\u00e1s\u00e1ra alkalmas teret alak\u00edtunk ki sz\u00ednpaddal, hogy ezek a rendezv\u00e9nyek ne zavarj\u00e1k a v\u00e1roslak\u00f3kat.<\/li>\n<li>Fontosnak tartjuk a helyi v\u00e1llalkoz\u00e1sok t\u00e1mogat\u00e1s\u00e1t. Bevonjuk \u0151ket gazdas\u00e1gi programunk tervez\u00e9s\u00e9be.<\/li>\n<li>\u00dajra gondoljuk a beszerz\u00e9si elj\u00e1r\u00e1sok \u00e9rt\u00e9khat\u00e1rait \u00e9s \u00e9rt\u00e9kel\u00e9si szempontrendszer\u00e9t. Arra t\u00f6reksz\u00fcnk, hogy els\u0151sorban helyi v\u00e1llalkoz\u00e1sokat b\u00edzzunk meg a munk\u00e1k elv\u00e9gz\u00e9s\u00e9vel.<\/li>\n<li>Tov\u00e1bbfejlesztj\u00fck a b\u00e9rlak\u00e1s programot.<\/li>\n<li>Tov\u00e1bbra is t\u00e1mogatjuk a fiatalok els\u0151 lak\u00e1shoz jut\u00e1s\u00e1t.<\/li>\n<li>Fel\u00fclvizsg\u00e1ljuk \u00e9s kib\u0151v\u00edtj\u00fck a v\u00e1rosi t\u00e1mogat\u00e1sok rendszer\u00e9t (sport, civil stb.).<\/li>\n<li>Folytatjuk \u00e9s fejlesztj\u00fck a bevezetett eg\u00e9szs\u00e9g\u00fcgyi programokat. A civil szervezetekkel egy\u00fcttm\u0171k\u00f6dve sz\u0171r\u00e9seket \u00e9s megel\u0151z\u0151 rendezv\u00e9nyeket szervez\u00fcnk.<\/li>\n<li>Ism\u00e9telt t\u00e1rgyal\u00e1sokat kezd\u00fcnk \u00e9s \u00faj lehet\u0151s\u00e9geket keres\u00fcnk a posta m\u00e9ltatlan \u00e1llapot\u00e1nak megsz\u00fcntet\u00e9se \u00e9rdek\u00e9ben.<\/li>\n<li>Automata nyilv\u00e1nos WC-t telep\u00edt\u00fcnk a v\u00e1ros legforgalmasabb pontj\u00e1n.<\/li>\n<li>Fontos v\u00e1rospolitikai d\u00f6nt\u00e9sek el\u0151tt k\u00f6zv\u00e9lem\u00e9ny kutat\u00e1st v\u00e9gz\u00fcnk, k\u00fcl\u00f6n\u00f6s tekintettel a civil szervezetek v\u00e9lem\u00e9ny\u00e9re.<\/li>\n<li>A v\u00e1rosi kit\u00fcntet\u00e9sek oda\u00edt\u00e9l\u00e9s\u00e9re f\u00fcggetlen test\u00fcletet hozunk l\u00e9tre.<\/li>\n<li>Tov\u00e1bbfejlesztj\u00fck egy\u00fcttm\u0171k\u00f6d\u00e9s\u00fcnket a nemzetis\u00e9gi \u00f6nkorm\u00e1nyzatokkal, munk\u00e1jukhoz t\u00e1mogat\u00e1st, szakmai seg\u00edts\u00e9get adunk.<\/li>\n<li>\u00c9rtes\u00edt\u00e9si rendszert dolgozunk ki a v\u00e1rosi p\u00e1ly\u00e1zatok megismer\u00e9se, a h\u00edrek, inform\u00e1ci\u00f3k gyors el\u00e9r\u00e9se \u00e9rdek\u00e9ben.<\/li>\n<\/ol>\n<p><strong>Tisztelt V\u00e1laszt\u00f3polg\u00e1r!<\/strong><\/p>\n<p>A programban t\u00fckr\u00f6z\u0151dik, hogy sok az elv\u00e9gzend\u0151 feladat, es\u00e9ly\u00fcnk van a sikerre. A v\u00e1laszt\u00f3k \u00f6sszefog\u00e1s\u00e1val megval\u00f3s\u00edthat\u00f3 egy jobb v\u00e1rosi k\u00f6rnyezet kialak\u00edt\u00e1sa. A v\u00e1laszt\u00f3k bizalma eset\u00e9n az Oroszl\u00e1nyiak Lok\u00e1lpatri\u00f3ta K\u00f6re (OLPK) polg\u00e1rmesterjel\u00f6ltje \u00e9s k\u00e9pvisel\u0151jel\u00f6ltjei arra v\u00e1llalkoznak, hogy val\u00f3ra v\u00e1lts\u00e1k a programot!<\/p>\n<p><strong><span style=\"color: #aa0000;\">Tartsuk lend\u00fcletben Oroszl\u00e1nyt!<\/span><\/strong><\/p>\n","protected":false},"excerpt":{"rendered":"<p>2019. szeptember 7-\u00e9n az OLPK k\u00f6zz\u00e9tette hivatalos &#8222;V\u00e1laszt\u00e1si programj\u00e1t&#8221; azokon a leporell\u00f3kon, amelyeket jelenleg is &#8222;ter\u00edtenek&#8221; a v\u00e1rosban. A nyomtatott anyag minden oroszl\u00e1nyi lakos postal\u00e1d\u00e1j\u00e1ban megtal\u00e1lhat\u00f3 lesz. A programon k\u00edv\u00fcl tartalmazza a jel\u00f6ltek (polg\u00e1rmester \u00e9s egy\u00e9ni k\u00e9pvisel\u0151) r\u00f6vid bemutatkoz\u00e1s\u00e1t is. &hellip; <a href=\"https:\/\/solyom.oroszlany.com\/?page_id=1000\">Egy kattint\u00e1s ide a folytat\u00e1shoz&#8230;. <span class=\"meta-nav\">&rarr;<\/span><\/a><\/p>\n","protected":false},"author":1,"featured_media":0,"parent":695,"menu_order":50,"comment_status":"closed","ping_status":"closed","template":"","meta":{"footnotes":""},"class_list":["post-1000","page","type-page","status-publish","hentry"],"_links":{"self":[{"href":"https:\/\/solyom.oroszlany.com\/index.php?rest_route=\/wp\/v2\/pages\/1000","targetHints":{"allow":["GET"]}}],"collection":[{"href":"https:\/\/solyom.oroszlany.com\/index.php?rest_route=\/wp\/v2\/pages"}],"about":[{"href":"https:\/\/solyom.oroszlany.com\/index.php?rest_route=\/wp\/v2\/types\/page"}],"author":[{"embeddable":true,"href":"https:\/\/solyom.oroszlany.com\/index.php?rest_route=\/wp\/v2\/users\/1"}],"replies":[{"embeddable":true,"href":"https:\/\/solyom.oroszlany.com\/index.php?rest_route=%2Fwp%2Fv2%2Fcomments&post=1000"}],"version-history":[{"count":0,"href":"https:\/\/solyom.oroszlany.com\/index.php?rest_route=\/wp\/v2\/pages\/1000\/revisions"}],"up":[{"embeddable":true,"href":"https:\/\/solyom.oroszlany.com\/index.php?rest_route=\/wp\/v2\/pages\/695"}],"wp:attachment":[{"href":"https:\/\/solyom.oroszlany.com\/index.php?rest_route=%2Fwp%2Fv2%2Fmedia&parent=1000"}],"curies":[{"name":"wp","href":"https:\/\/api.w.org\/{rel}","templated":true}]}}